{"id":13,"date":"2021-05-25T11:36:02","date_gmt":"2021-05-25T11:36:02","guid":{"rendered":"https:\/\/bslthemes.site\/larson\/?page_id=13"},"modified":"2023-06-12T08:07:22","modified_gmt":"2023-06-12T08:07:22","slug":"home","status":"publish","type":"page","link":"https:\/\/asein.com\/comercializacion\/","title":{"rendered":"Home"},"content":{"rendered":"\t\t<div data-elementor-type=\"wp-page\" data-elementor-id=\"13\" class=\"elementor elementor-13\" data-elementor-settings=\"[]\">\n\t\t\t\t\t\t\t<div class=\"elementor-section-wrap\">\n\t\t\t\t\t\t\t<section class=\"elementor-section elementor-top-section elementor-element elementor-element-7795526 elementor-section-full_width elementor-section-height-default elementor-section-height-default\" data-id=\"7795526\" data-element_type=\"section\">\n\t\t\t\t\t\t<div class=\"elementor-container elementor-column-gap-no\">\n\t\t\t\t\t<div class=\"elementor-column elementor-col-100 elementor-top-column elementor-element elementor-element-823bd72\" data-id=\"823bd72\" data-element_type=\"column\">\n\t\t\t<div class=\"elementor-widget-wrap elementor-element-populated\">\n\t\t\t\t\t\t\t\t<div class=\"elementor-element elementor-element-cd5a105 elementor-skin-slideshow elementor-aspect-ratio-219 elementor-arrows-yes elementor-widget elementor-widget-media-carousel\" data-id=\"cd5a105\" data-element_type=\"widget\" data-settings=\"{&quot;skin&quot;:&quot;slideshow&quot;,&quot;effect&quot;:&quot;slide&quot;,&quot;show_arrows&quot;:&quot;yes&quot;,&quot;speed&quot;:500,&quot;autoplay&quot;:&quot;yes&quot;,&quot;autoplay_speed&quot;:5000,&quot;loop&quot;:&quot;yes&quot;,&quot;pause_on_hover&quot;:&quot;yes&quot;,&quot;pause_on_interaction&quot;:&quot;yes&quot;,&quot;space_between&quot;:{&quot;unit&quot;:&quot;px&quot;,&quot;size&quot;:10,&quot;sizes&quot;:[]},&quot;space_between_tablet&quot;:{&quot;unit&quot;:&quot;px&quot;,&quot;size&quot;:10,&quot;sizes&quot;:[]},&quot;space_between_mobile&quot;:{&quot;unit&quot;:&quot;px&quot;,&quot;size&quot;:10,&quot;sizes&quot;:[]}}\" data-widget_type=\"media-carousel.default\">\n\t\t\t\t<div class=\"elementor-widget-container\">\n\t\t\t\t\t<div class=\"elementor-swiper\">\r\n\t\t\t<div class=\"elementor-main-swiper swiper-container\">\r\n\t\t\t\t<div class=\"swiper-wrapper\">\r\n\t\t\t\t\t\t\t\t\t\t\t<div class=\"swiper-slide\">\r\n\t\t\t\t\t\t\t\t\t<div class=\"elementor-carousel-image\" style=\"background-image: url(https:\/\/asein.com\/comercializacion\/wp-content\/uploads\/sites\/2\/2021\/10\/slider-comercializacion-01.jpg)\">\r\n\t\t\t\t\t<\/div>\r\n\t\t\t\t\t\t\t\t<\/div>\r\n\t\t\t\t\t\t\t\t\t<\/div>\r\n\t\t\t\t\t\t\t<\/div>\r\n\t\t<\/div>\r\n\t\t\t\t<\/div>\n\t\t\t\t<\/div>\n\t\t\t\t\t<\/div>\n\t\t<\/div>\n\t\t\t\t\t\t\t<\/div>\n\t\t<\/section>\n\t\t\t\t<section class=\"elementor-section elementor-top-section elementor-element elementor-element-aff8eb7 elementor-section-boxed elementor-section-height-default elementor-section-height-default\" data-id=\"aff8eb7\" data-element_type=\"section\">\n\t\t\t\t\t\t<div class=\"elementor-container elementor-column-gap-default\">\n\t\t\t\t\t<div class=\"elementor-column elementor-col-100 elementor-top-column elementor-element elementor-element-5de3a93\" data-id=\"5de3a93\" data-element_type=\"column\">\n\t\t\t<div class=\"elementor-widget-wrap elementor-element-populated\">\n\t\t\t\t\t\t\t\t<div class=\"elementor-element elementor-element-bc04fe7 elementor-widget elementor-widget-text-editor\" data-id=\"bc04fe7\" data-element_type=\"widget\" data-widget_type=\"text-editor.default\">\n\t\t\t\t<div class=\"elementor-widget-container\">\n\t\t\t\t\t\t\t<p><strong>La constante b\u00fasqueda de la excelencia<\/strong> lleva a Asein a crear un centro log\u00edstico totalmente&nbsp;robotizado con una superficie superior a 3.000 m2 para garantizar la eficiencia en el&nbsp;servicio a los clientes. El proceso inform\u00e1tico de gesti\u00f3n del Almac\u00e9n realiza inventarios&nbsp;continuos del material atendiendo a criterios log\u00edsticos y trazabilidad.&nbsp;Las mejores agencias de transporte colaboran diariamente con Asein para lograr un&nbsp;servicio de entrega sin incidencias.<\/p>\n<p>La inversi\u00f3n en tecnolog\u00eda y los mejores colaboradores (proveedores de materiales y&nbsp;servicios ) definen una clara estrategia de orientaci\u00f3n y satisfacci\u00f3n al cliente.<\/p>\n<p>Nuestro aspecto diferenciador es que ofrecemos siempre la mejor soluci\u00f3n uniendo&nbsp;eficacia, eficiencia y calidad.<\/p>\t\t\t\t\t\t<\/div>\n\t\t\t\t<\/div>\n\t\t\t\t\t<\/div>\n\t\t<\/div>\n\t\t\t\t\t\t\t<\/div>\n\t\t<\/section>\n\t\t\t\t<section class=\"elementor-section elementor-top-section elementor-element elementor-element-f2f6691 elementor-section-boxed elementor-section-height-default elementor-section-height-default\" data-id=\"f2f6691\" data-element_type=\"section\">\n\t\t\t\t\t\t<div class=\"elementor-container elementor-column-gap-default\">\n\t\t\t\t\t<div class=\"elementor-column elementor-col-50 elementor-top-column elementor-element elementor-element-cbaf3bb\" data-id=\"cbaf3bb\" data-element_type=\"column\">\n\t\t\t<div class=\"elementor-widget-wrap elementor-element-populated\">\n\t\t\t\t\t\t\t\t<div class=\"elementor-element elementor-element-0169ba1 elementor-widget elementor-widget-image\" data-id=\"0169ba1\" data-element_type=\"widget\" data-widget_type=\"image.default\">\n\t\t\t\t<div class=\"elementor-widget-container\">\n\t\t\t\t\t\t\t\t\t\t\t\t\t\t\t<img loading=\"lazy\" decoding=\"async\" width=\"1000\" height=\"1000\" src=\"https:\/\/asein.com\/comercializacion\/wp-content\/uploads\/sites\/2\/2021\/10\/img-comercializacion-01.jpg\" class=\"attachment-full size-full\" alt=\"\" srcset=\"https:\/\/asein.com\/comercializacion\/wp-content\/uploads\/sites\/2\/2021\/10\/img-comercializacion-01.jpg 1000w, https:\/\/asein.com\/comercializacion\/wp-content\/uploads\/sites\/2\/2021\/10\/img-comercializacion-01-300x300.jpg 300w, https:\/\/asein.com\/comercializacion\/wp-content\/uploads\/sites\/2\/2021\/10\/img-comercializacion-01-150x150.jpg 150w, https:\/\/asein.com\/comercializacion\/wp-content\/uploads\/sites\/2\/2021\/10\/img-comercializacion-01-768x768.jpg 768w, https:\/\/asein.com\/comercializacion\/wp-content\/uploads\/sites\/2\/2021\/10\/img-comercializacion-01-800x800.jpg 800w, https:\/\/asein.com\/comercializacion\/wp-content\/uploads\/sites\/2\/2021\/10\/img-comercializacion-01-900x900.jpg 900w\" sizes=\"auto, (max-width: 1000px) 100vw, 1000px\" \/>\t\t\t\t\t\t\t\t\t\t\t\t\t\t\t<\/div>\n\t\t\t\t<\/div>\n\t\t\t\t\t<\/div>\n\t\t<\/div>\n\t\t\t\t<div class=\"elementor-column elementor-col-50 elementor-top-column elementor-element elementor-element-c755b15\" data-id=\"c755b15\" data-element_type=\"column\">\n\t\t\t<div class=\"elementor-widget-wrap elementor-element-populated\">\n\t\t\t\t\t\t\t\t<div class=\"elementor-element elementor-element-6b1e710 elementor-widget elementor-widget-image\" data-id=\"6b1e710\" data-element_type=\"widget\" data-widget_type=\"image.default\">\n\t\t\t\t<div class=\"elementor-widget-container\">\n\t\t\t\t\t\t\t\t\t\t\t\t\t\t\t<img loading=\"lazy\" decoding=\"async\" width=\"768\" height=\"432\" src=\"https:\/\/asein.com\/comercializacion\/wp-content\/uploads\/sites\/2\/2021\/10\/slider-comercializacion-02-768x432.jpg\" class=\"attachment-medium_large size-medium_large\" alt=\"\" srcset=\"https:\/\/asein.com\/comercializacion\/wp-content\/uploads\/sites\/2\/2021\/10\/slider-comercializacion-02-768x432.jpg 768w, https:\/\/asein.com\/comercializacion\/wp-content\/uploads\/sites\/2\/2021\/10\/slider-comercializacion-02-300x169.jpg 300w, https:\/\/asein.com\/comercializacion\/wp-content\/uploads\/sites\/2\/2021\/10\/slider-comercializacion-02-1024x576.jpg 1024w, https:\/\/asein.com\/comercializacion\/wp-content\/uploads\/sites\/2\/2021\/10\/slider-comercializacion-02-900x506.jpg 900w, https:\/\/asein.com\/comercializacion\/wp-content\/uploads\/sites\/2\/2021\/10\/slider-comercializacion-02-1170x658.jpg 1170w, https:\/\/asein.com\/comercializacion\/wp-content\/uploads\/sites\/2\/2021\/10\/slider-comercializacion-02.jpg 1440w\" sizes=\"auto, (max-width: 768px) 100vw, 768px\" \/>\t\t\t\t\t\t\t\t\t\t\t\t\t\t\t<\/div>\n\t\t\t\t<\/div>\n\t\t\t\t<div class=\"elementor-element elementor-element-970a486 elementor-widget elementor-widget-image\" data-id=\"970a486\" data-element_type=\"widget\" data-widget_type=\"image.default\">\n\t\t\t\t<div class=\"elementor-widget-container\">\n\t\t\t\t\t\t\t\t\t\t\t\t\t\t\t<img loading=\"lazy\" decoding=\"async\" width=\"768\" height=\"429\" src=\"https:\/\/asein.com\/comercializacion\/wp-content\/uploads\/sites\/2\/2021\/10\/slider-comercializacion-03-768x429.jpg\" class=\"attachment-medium_large size-medium_large\" alt=\"\" srcset=\"https:\/\/asein.com\/comercializacion\/wp-content\/uploads\/sites\/2\/2021\/10\/slider-comercializacion-03-768x429.jpg 768w, https:\/\/asein.com\/comercializacion\/wp-content\/uploads\/sites\/2\/2021\/10\/slider-comercializacion-03-300x167.jpg 300w, https:\/\/asein.com\/comercializacion\/wp-content\/uploads\/sites\/2\/2021\/10\/slider-comercializacion-03-1024x571.jpg 1024w, https:\/\/asein.com\/comercializacion\/wp-content\/uploads\/sites\/2\/2021\/10\/slider-comercializacion-03-1536x857.jpg 1536w, https:\/\/asein.com\/comercializacion\/wp-content\/uploads\/sites\/2\/2021\/10\/slider-comercializacion-03-900x502.jpg 900w, https:\/\/asein.com\/comercializacion\/wp-content\/uploads\/sites\/2\/2021\/10\/slider-comercializacion-03-1920x1071.jpg 1920w, https:\/\/asein.com\/comercializacion\/wp-content\/uploads\/sites\/2\/2021\/10\/slider-comercializacion-03.jpg 2016w\" sizes=\"auto, (max-width: 768px) 100vw, 768px\" \/>\t\t\t\t\t\t\t\t\t\t\t\t\t\t\t<\/div>\n\t\t\t\t<\/div>\n\t\t\t\t\t<\/div>\n\t\t<\/div>\n\t\t\t\t\t\t\t<\/div>\n\t\t<\/section>\n\t\t\t\t<section class=\"elementor-section elementor-top-section elementor-element elementor-element-e569da4 elementor-section-boxed elementor-section-height-default elementor-section-height-default\" data-id=\"e569da4\" data-element_type=\"section\">\n\t\t\t\t\t\t<div class=\"elementor-container elementor-column-gap-default\">\n\t\t\t\t\t<div class=\"elementor-column elementor-col-100 elementor-top-column elementor-element elementor-element-d7aba30\" data-id=\"d7aba30\" data-element_type=\"column\">\n\t\t\t<div class=\"elementor-widget-wrap elementor-element-populated\">\n\t\t\t\t\t\t\t\t<div class=\"elementor-element elementor-element-3cc98ae elementor-widget elementor-widget-larson-heading\" data-id=\"3cc98ae\" data-element_type=\"widget\" data-widget_type=\"larson-heading.default\">\n\t\t\t\t<div class=\"elementor-widget-container\">\n\t\t\t\n\t\t<section class=\"webpage__about-heading about-block\">\n          <div class=\"about-block__inner container\">\n                        <header class=\"about-block__header\" data-aos=\"fade\">\n              <h2 class=\"about-block__heading heading\">\n              \t<span >\n\t\t\t\t\tASEIN 4.0\t\t\t\t<\/span>\n              <\/h2>\n            <\/header>\n                      <\/div>\n        <\/section>\n\n\t\t\t\t<\/div>\n\t\t\t\t<\/div>\n\t\t\t\t\t<\/div>\n\t\t<\/div>\n\t\t\t\t\t\t\t<\/div>\n\t\t<\/section>\n\t\t\t\t<section class=\"elementor-section elementor-top-section elementor-element elementor-element-3c167cc elementor-section-boxed elementor-section-height-default elementor-section-height-default\" data-id=\"3c167cc\" data-element_type=\"section\">\n\t\t\t\t\t\t<div class=\"elementor-container elementor-column-gap-wider\">\n\t\t\t\t\t<div class=\"elementor-column elementor-col-33 elementor-top-column elementor-element elementor-element-0002918\" data-id=\"0002918\" data-element_type=\"column\">\n\t\t\t<div class=\"elementor-widget-wrap elementor-element-populated\">\n\t\t\t\t\t\t\t\t<div class=\"elementor-element elementor-element-3ee86f3 elementor-widget elementor-widget-image\" data-id=\"3ee86f3\" data-element_type=\"widget\" data-widget_type=\"image.default\">\n\t\t\t\t<div class=\"elementor-widget-container\">\n\t\t\t\t\t\t\t\t\t\t\t\t\t\t\t<img loading=\"lazy\" decoding=\"async\" width=\"652\" height=\"602\" src=\"https:\/\/asein.com\/comercializacion\/wp-content\/uploads\/sites\/2\/2021\/10\/industria-40.png\" class=\"attachment-large size-large\" alt=\"\" srcset=\"https:\/\/asein.com\/comercializacion\/wp-content\/uploads\/sites\/2\/2021\/10\/industria-40.png 652w, https:\/\/asein.com\/comercializacion\/wp-content\/uploads\/sites\/2\/2021\/10\/industria-40-300x277.png 300w\" sizes=\"auto, (max-width: 652px) 100vw, 652px\" \/>\t\t\t\t\t\t\t\t\t\t\t\t\t\t\t<\/div>\n\t\t\t\t<\/div>\n\t\t\t\t<div class=\"elementor-element elementor-element-2e7f8d4 elementor-widget elementor-widget-heading\" data-id=\"2e7f8d4\" data-element_type=\"widget\" data-widget_type=\"heading.default\">\n\t\t\t\t<div class=\"elementor-widget-container\">\n\t\t\t<h2 class=\"elementor-heading-title elementor-size-default\">Industria 4.0<\/h2>\t\t<\/div>\n\t\t\t\t<\/div>\n\t\t\t\t<div class=\"elementor-element elementor-element-c9fe6e9 elementor-widget elementor-widget-text-editor\" data-id=\"c9fe6e9\" data-element_type=\"widget\" data-widget_type=\"text-editor.default\">\n\t\t\t\t<div class=\"elementor-widget-container\">\n\t\t\t\t\t\t\t<p>En estos \u00faltimos a\u00f1os hemos invertido tanto en la digitalizaci\u00f3n de los procesos de fabricaci\u00f3n como en la automatizaci\u00f3n de la distribuci\u00f3n. Esta combinaci\u00f3n de t\u00e9cnicas hace que seamos m\u00e1s <strong>receptivos, proactivos y predictivos.<\/strong><\/p><p>En este \u00e1mbito ya hemos visto grandes avances en la adaptaci\u00f3n y personalizaci\u00f3n en los productos, servicios y necesidades de los clientes de manera r\u00e1pida y eficiente.<\/p>\t\t\t\t\t\t<\/div>\n\t\t\t\t<\/div>\n\t\t\t\t\t<\/div>\n\t\t<\/div>\n\t\t\t\t<div class=\"elementor-column elementor-col-33 elementor-top-column elementor-element elementor-element-cc5e6be\" data-id=\"cc5e6be\" data-element_type=\"column\">\n\t\t\t<div class=\"elementor-widget-wrap elementor-element-populated\">\n\t\t\t\t\t\t\t\t<div class=\"elementor-element elementor-element-ea24f22 elementor-widget elementor-widget-image\" data-id=\"ea24f22\" data-element_type=\"widget\" data-widget_type=\"image.default\">\n\t\t\t\t<div class=\"elementor-widget-container\">\n\t\t\t\t\t\t\t\t\t\t\t\t\t\t\t<img loading=\"lazy\" decoding=\"async\" width=\"900\" height=\"785\" src=\"https:\/\/asein.com\/comercializacion\/wp-content\/uploads\/sites\/2\/2021\/10\/fiabilidad@2x-1024x893.png\" class=\"attachment-large size-large\" alt=\"\" srcset=\"https:\/\/asein.com\/comercializacion\/wp-content\/uploads\/sites\/2\/2021\/10\/fiabilidad@2x-1024x893.png 1024w, https:\/\/asein.com\/comercializacion\/wp-content\/uploads\/sites\/2\/2021\/10\/fiabilidad@2x-300x262.png 300w, https:\/\/asein.com\/comercializacion\/wp-content\/uploads\/sites\/2\/2021\/10\/fiabilidad@2x-768x670.png 768w, https:\/\/asein.com\/comercializacion\/wp-content\/uploads\/sites\/2\/2021\/10\/fiabilidad@2x-900x785.png 900w, https:\/\/asein.com\/comercializacion\/wp-content\/uploads\/sites\/2\/2021\/10\/fiabilidad@2x.png 1088w\" sizes=\"auto, (max-width: 900px) 100vw, 900px\" \/>\t\t\t\t\t\t\t\t\t\t\t\t\t\t\t<\/div>\n\t\t\t\t<\/div>\n\t\t\t\t<div class=\"elementor-element elementor-element-f40655e elementor-widget elementor-widget-heading\" data-id=\"f40655e\" data-element_type=\"widget\" data-widget_type=\"heading.default\">\n\t\t\t\t<div class=\"elementor-widget-container\">\n\t\t\t<h2 class=\"elementor-heading-title elementor-size-default\">Fiabilidad<\/h2>\t\t<\/div>\n\t\t\t\t<\/div>\n\t\t\t\t<div class=\"elementor-element elementor-element-7445c83 elementor-widget elementor-widget-text-editor\" data-id=\"7445c83\" data-element_type=\"widget\" data-widget_type=\"text-editor.default\">\n\t\t\t\t<div class=\"elementor-widget-container\">\n\t\t\t\t\t\t\t<p>ASEIN escoge muy rigurosamente a todos sus proveedores, exigiendo el mayor nivel de calidad.<\/p><p><strong>Los fabricantes de nuestros productos son l\u00edderes en su sector<\/strong> y han sido seleccionados tanto por la calidad de sus productos como de sus instalaciones. Nuestros productos superan controles rigurosos y adem\u00e1s todos disponen de certificados de calidad internacional.<\/p>\t\t\t\t\t\t<\/div>\n\t\t\t\t<\/div>\n\t\t\t\t\t<\/div>\n\t\t<\/div>\n\t\t\t\t<div class=\"elementor-column elementor-col-33 elementor-top-column elementor-element elementor-element-1ff749a\" data-id=\"1ff749a\" data-element_type=\"column\">\n\t\t\t<div class=\"elementor-widget-wrap elementor-element-populated\">\n\t\t\t\t\t\t\t\t<div class=\"elementor-element elementor-element-4e16124 elementor-widget elementor-widget-image\" data-id=\"4e16124\" data-element_type=\"widget\" data-widget_type=\"image.default\">\n\t\t\t\t<div class=\"elementor-widget-container\">\n\t\t\t\t\t\t\t\t\t\t\t\t\t\t\t<img loading=\"lazy\" decoding=\"async\" width=\"515\" height=\"602\" src=\"https:\/\/asein.com\/comercializacion\/wp-content\/uploads\/sites\/2\/2021\/10\/inovacion@2x.png\" class=\"attachment-large size-large\" alt=\"\" srcset=\"https:\/\/asein.com\/comercializacion\/wp-content\/uploads\/sites\/2\/2021\/10\/inovacion@2x.png 515w, https:\/\/asein.com\/comercializacion\/wp-content\/uploads\/sites\/2\/2021\/10\/inovacion@2x-257x300.png 257w\" sizes=\"auto, (max-width: 515px) 100vw, 515px\" \/>\t\t\t\t\t\t\t\t\t\t\t\t\t\t\t<\/div>\n\t\t\t\t<\/div>\n\t\t\t\t<div class=\"elementor-element elementor-element-b21454b elementor-widget elementor-widget-heading\" data-id=\"b21454b\" data-element_type=\"widget\" data-widget_type=\"heading.default\">\n\t\t\t\t<div class=\"elementor-widget-container\">\n\t\t\t<h2 class=\"elementor-heading-title elementor-size-default\">Innovaci\u00f3n<\/h2>\t\t<\/div>\n\t\t\t\t<\/div>\n\t\t\t\t<div class=\"elementor-element elementor-element-95b01e8 elementor-widget elementor-widget-text-editor\" data-id=\"95b01e8\" data-element_type=\"widget\" data-widget_type=\"text-editor.default\">\n\t\t\t\t<div class=\"elementor-widget-container\">\n\t\t\t\t\t\t\t<p>La innovaci\u00f3n es un elemento clave y constatamos que no proviene de la inspiraci\u00f3n, sino de procesos en los que hay que trabajar constantemente para lograr nuevas y mejores formas de hacer las cosas.<\/p><p>Es por este motivo, que nuestro af\u00e1n en invertir en tecnolog\u00edas que nos aporten valor tanto para nuestros procesos internos como para nuestros cliente,\u00a0 nos ha llevado a construir un <strong>almac\u00e9n totalmente automatizado.\u00a0\u00a0<\/strong><\/p>\t\t\t\t\t\t<\/div>\n\t\t\t\t<\/div>\n\t\t\t\t\t<\/div>\n\t\t<\/div>\n\t\t\t\t\t\t\t<\/div>\n\t\t<\/section>\n\t\t\t\t<section class=\"elementor-section elementor-top-section elementor-element elementor-element-c68b41d elementor-section-height-min-height elementor-section-boxed elementor-section-height-default elementor-section-items-middle\" data-id=\"c68b41d\" data-element_type=\"section\">\n\t\t\t\t\t\t\t<div class=\"elementor-background-overlay\"><\/div>\n\t\t\t\t\t\t\t<div class=\"elementor-container elementor-column-gap-default\">\n\t\t\t\t\t<div class=\"elementor-column elementor-col-50 elementor-top-column elementor-element elementor-element-4e0976c\" data-id=\"4e0976c\" data-element_type=\"column\">\n\t\t\t<div class=\"elementor-widget-wrap elementor-element-populated\">\n\t\t\t\t\t\t\t\t<div class=\"elementor-element elementor-element-56e5479 elementor-widget elementor-widget-heading\" data-id=\"56e5479\" data-element_type=\"widget\" data-widget_type=\"heading.default\">\n\t\t\t\t<div class=\"elementor-widget-container\">\n\t\t\t<h1 class=\"elementor-heading-title elementor-size-default\">Entregamos en 24h<\/h1>\t\t<\/div>\n\t\t\t\t<\/div>\n\t\t\t\t<div class=\"elementor-element elementor-element-4f6b1ce elementor-widget elementor-widget-text-editor\" data-id=\"4f6b1ce\" data-element_type=\"widget\" data-widget_type=\"text-editor.default\">\n\t\t\t\t<div class=\"elementor-widget-container\">\n\t\t\t\t\t\t\t<p><span style=\"caret-color;color: #FFFFFF;font-family: Verdana, sans-serif;font-size: 13.333333015441895px\">Pida hoy y lo recibir\u00e1 ma\u00f1ana antes de las 14:00 hrs seg\u00fan condiciones.<\/span><\/p>\t\t\t\t\t\t<\/div>\n\t\t\t\t<\/div>\n\t\t\t\t<div class=\"elementor-element elementor-element-d4130b9 elementor-widget elementor-widget-button\" data-id=\"d4130b9\" data-element_type=\"widget\" data-widget_type=\"button.default\">\n\t\t\t\t<div class=\"elementor-widget-container\">\n\t\t\t\t\t<div class=\"elementor-button-wrapper\">\n\t\t\t<a href=\"\/comercializacion\/compra-rapida\/\" class=\"elementor-button-link elementor-button elementor-size-sm\" role=\"button\">\n\t\t\t\t\t\t<span class=\"elementor-button-content-wrapper\">\n\t\t\t\t\t\t<span class=\"elementor-button-icon elementor-align-icon-left\">\n\t\t\t\t<i aria-hidden=\"true\" class=\"fas fa-box\"><\/i>\t\t\t<\/span>\n\t\t\t\t\t\t<span class=\"elementor-button-text\">Hacer pedido<\/span>\n\t\t<\/span>\n\t\t\t\t\t<\/a>\n\t\t<\/div>\n\t\t\t\t<\/div>\n\t\t\t\t<\/div>\n\t\t\t\t<div class=\"elementor-element elementor-element-b2ec0fc elementor-widget elementor-widget-text-editor\" data-id=\"b2ec0fc\" data-element_type=\"widget\" data-widget_type=\"text-editor.default\">\n\t\t\t\t<div class=\"elementor-widget-container\">\n\t\t\t\t\t\t\t<p>*Zona Barcelona: pida antes de las 12:00 hrs y lo recibir\u00e1 antes de las 19:00 del MISMO D\u00cdA.<\/p>\t\t\t\t\t\t<\/div>\n\t\t\t\t<\/div>\n\t\t\t\t\t<\/div>\n\t\t<\/div>\n\t\t\t\t<div class=\"elementor-column elementor-col-50 elementor-top-column elementor-element elementor-element-d36729c\" data-id=\"d36729c\" data-element_type=\"column\">\n\t\t\t<div class=\"elementor-widget-wrap\">\n\t\t\t\t\t\t\t\t\t<\/div>\n\t\t<\/div>\n\t\t\t\t\t\t\t<\/div>\n\t\t<\/section>\n\t\t\t\t<div class=\"elementor-section elementor-top-section elementor-element elementor-element-34b43ae elementor-section-boxed elementor-section-height-default elementor-section-height-default\" data-id=\"34b43ae\" data-element_type=\"section\">\n\t\t\t\t\t\t<div class=\"elementor-container elementor-column-gap-no\">\n\t\t\t\t\t<div class=\"elementor-column elementor-col-100 elementor-top-column elementor-element elementor-element-5018650\" data-id=\"5018650\" data-element_type=\"column\">\n\t\t\t<div class=\"elementor-widget-wrap elementor-element-populated\">\n\t\t\t\t\t\t\t\t\t<\/div>\n\t\t<\/div>\n\t\t\t\t\t\t\t<\/div>\n\t\t<\/div>\n\t\t\t\t\t\t<\/div>\n\t\t\t\t\t<\/div>\n\t\t","protected":false},"excerpt":{"rendered":"<p>La constante b\u00fasqueda de la excelencia lleva a Asein a crear un centro log\u00edstico totalmente&nbsp;robotizado con una superficie superior a 3.000 m2 para garantizar la eficiencia en el&nbsp;servicio a los clientes. El proceso inform\u00e1tico de gesti\u00f3n del Almac\u00e9n realiza inventarios&nbsp;continuos del material atendiendo a criterios log\u00edsticos y trazabilidad.&nbsp;Las mejores agencias&#8230; <\/p>\n<div class=\"readmore\"><a href=\"https:\/\/asein.com\/comercializacion\/\" class=\"btn-link\">Read more<\/a><\/div>\n","protected":false},"author":1,"featured_media":0,"parent":0,"menu_order":0,"comment_status":"closed","ping_status":"closed","template":"template-elementor-default.php","meta":{"footnotes":""},"class_list":["post-13","page","type-page","status-publish","hentry"],"_links":{"self":[{"href":"https:\/\/asein.com\/comercializacion\/wp-json\/wp\/v2\/pages\/13","targetHints":{"allow":["GET"]}}],"collection":[{"href":"https:\/\/asein.com\/comercializacion\/wp-json\/wp\/v2\/pages"}],"about":[{"href":"https:\/\/asein.com\/comercializacion\/wp-json\/wp\/v2\/types\/page"}],"author":[{"embeddable":true,"href":"https:\/\/asein.com\/comercializacion\/wp-json\/wp\/v2\/users\/1"}],"replies":[{"embeddable":true,"href":"https:\/\/asein.com\/comercializacion\/wp-json\/wp\/v2\/comments?post=13"}],"version-history":[{"count":116,"href":"https:\/\/asein.com\/comercializacion\/wp-json\/wp\/v2\/pages\/13\/revisions"}],"predecessor-version":[{"id":2999,"href":"https:\/\/asein.com\/comercializacion\/wp-json\/wp\/v2\/pages\/13\/revisions\/2999"}],"wp:attachment":[{"href":"https:\/\/asein.com\/comercializacion\/wp-json\/wp\/v2\/media?parent=13"}],"curies":[{"name":"wp","href":"https:\/\/api.w.org\/{rel}","templated":true}]}}