{"id":1640,"date":"2021-10-18T07:14:17","date_gmt":"2021-10-18T07:14:17","guid":{"rendered":"http:\/\/asein.com\/comercializacion\/?page_id=1640"},"modified":"2022-06-16T10:57:56","modified_gmt":"2022-06-16T10:57:56","slug":"compra-rapida","status":"publish","type":"page","link":"https:\/\/asein.com\/comercializacion\/compra-rapida\/","title":{"rendered":"Compra r\u00e1pida"},"content":{"rendered":"\t\t<div data-elementor-type=\"wp-page\" data-elementor-id=\"1640\" class=\"elementor elementor-1640\" data-elementor-settings=\"[]\">\n\t\t\t\t\t\t\t<div class=\"elementor-section-wrap\">\n\t\t\t\t\t\t\t<section class=\"elementor-section elementor-top-section elementor-element elementor-element-4087088 elementor-section-full_width elementor-section-stretched elementor-section-height-default elementor-section-height-default\" data-id=\"4087088\" data-element_type=\"section\" data-settings=\"{&quot;stretch_section&quot;:&quot;section-stretched&quot;,&quot;background_background&quot;:&quot;classic&quot;}\">\n\t\t\t\t\t\t<div class=\"elementor-container elementor-column-gap-default\">\n\t\t\t\t\t<div class=\"elementor-column elementor-col-100 elementor-top-column elementor-element elementor-element-cbf5451\" data-id=\"cbf5451\" data-element_type=\"column\">\n\t\t\t<div class=\"elementor-widget-wrap elementor-element-populated\">\n\t\t\t\t\t\t\t\t<div class=\"elementor-element elementor-element-5ffb4c1 elementor-widget elementor-widget-heading\" data-id=\"5ffb4c1\" data-element_type=\"widget\" data-widget_type=\"heading.default\">\n\t\t\t\t<div class=\"elementor-widget-container\">\n\t\t\t<h2 class=\"elementor-heading-title elementor-size-small\">Compra R\u00e1pida<\/h2>\t\t<\/div>\n\t\t\t\t<\/div>\n\t\t\t\t\t<\/div>\n\t\t<\/div>\n\t\t\t\t\t\t\t<\/div>\n\t\t<\/section>\n\t\t\t\t<section class=\"elementor-section elementor-top-section elementor-element elementor-element-06685e7 elementor-section-full_width elementor-section-stretched elementor-section-height-default elementor-section-height-default\" data-id=\"06685e7\" data-element_type=\"section\" data-settings=\"{&quot;stretch_section&quot;:&quot;section-stretched&quot;}\">\n\t\t\t\t\t\t\t<div class=\"elementor-background-overlay\"><\/div>\n\t\t\t\t\t\t\t<div class=\"elementor-container elementor-column-gap-default\">\n\t\t\t\t\t<div class=\"elementor-column elementor-col-100 elementor-top-column elementor-element elementor-element-55b9e3c\" data-id=\"55b9e3c\" data-element_type=\"column\">\n\t\t\t<div class=\"elementor-widget-wrap elementor-element-populated\">\n\t\t\t\t\t\t\t\t<div class=\"elementor-element elementor-element-2f6528b banner-compra elementor-widget elementor-widget-text-editor\" data-id=\"2f6528b\" data-element_type=\"widget\" data-widget_type=\"text-editor.default\">\n\t\t\t\t<div class=\"elementor-widget-container\">\n\t\t\t\t\t\t\t<p>SOMOS MAYORISTAS\u00a0<span class=\"red\"><a href=\"\/comercializacion\/compra-rapida\/solicitud-de-alta\/\">\u00a1REG\u00cdSTRATE Y COMPRA AL MEJOR PRECIO!<\/a><\/span><\/p>\t\t\t\t\t\t<\/div>\n\t\t\t\t<\/div>\n\t\t\t\t\t<\/div>\n\t\t<\/div>\n\t\t\t\t\t\t\t<\/div>\n\t\t<\/section>\n\t\t\t\t<section class=\"elementor-section elementor-top-section elementor-element elementor-element-b81d2db elementor-section-boxed elementor-section-height-default elementor-section-height-default\" data-id=\"b81d2db\" data-element_type=\"section\">\n\t\t\t\t\t\t<div class=\"elementor-container elementor-column-gap-wider\">\n\t\t\t\t\t<div class=\"elementor-column elementor-col-50 elementor-top-column elementor-element elementor-element-52a5037\" data-id=\"52a5037\" data-element_type=\"column\">\n\t\t\t<div class=\"elementor-widget-wrap elementor-element-populated\">\n\t\t\t\t\t\t\t\t<div class=\"elementor-element elementor-element-1b62ca8 elementor-widget elementor-widget-larson-heading\" data-id=\"1b62ca8\" data-element_type=\"widget\" data-widget_type=\"larson-heading.default\">\n\t\t\t\t<div class=\"elementor-widget-container\">\n\t\t\t\n\t\t<section class=\"webpage__about-heading about-block\">\n          <div class=\"about-block__inner container\">\n                        <header class=\"about-block__header\" data-aos=\"fade\">\n              <h2 class=\"about-block__heading heading\">\n              \t<span >\n\t\t\t\t\tNuevos clientes\t\t\t\t<\/span>\n              <\/h2>\n            <\/header>\n                      <\/div>\n        <\/section>\n\n\t\t\t\t<\/div>\n\t\t\t\t<\/div>\n\t\t\t\t<div class=\"elementor-element elementor-element-fa68365 elementor-widget elementor-widget-text-editor\" data-id=\"fa68365\" data-element_type=\"widget\" data-widget_type=\"text-editor.default\">\n\t\t\t\t<div class=\"elementor-widget-container\">\n\t\t\t\t\t\t\t<p>Si todav\u00eda no eres cliente de ASEIN utiliza esta opci\u00f3n para darte de alta y disfrutar de las ventajas.<\/p><p><strong>S\u00f3lo para profesionales de ferreter\u00eda y suministros industriales<\/strong><\/p>\t\t\t\t\t\t<\/div>\n\t\t\t\t<\/div>\n\t\t\t\t<div class=\"elementor-element elementor-element-dd948ed elementor-widget elementor-widget-button\" data-id=\"dd948ed\" data-element_type=\"widget\" data-widget_type=\"button.default\">\n\t\t\t\t<div class=\"elementor-widget-container\">\n\t\t\t\t\t<div class=\"elementor-button-wrapper\">\n\t\t\t<a href=\"\/comercializacion\/compra-rapida\/solicitud-de-alta\" class=\"elementor-button-link elementor-button elementor-size-sm\" role=\"button\">\n\t\t\t\t\t\t<span class=\"elementor-button-content-wrapper\">\n\t\t\t\t\t\t<span class=\"elementor-button-text\">Crear cuenta<\/span>\n\t\t<\/span>\n\t\t\t\t\t<\/a>\n\t\t<\/div>\n\t\t\t\t<\/div>\n\t\t\t\t<\/div>\n\t\t\t\t\t<\/div>\n\t\t<\/div>\n\t\t\t\t<div class=\"elementor-column elementor-col-50 elementor-top-column elementor-element elementor-element-99403ee\" data-id=\"99403ee\" data-element_type=\"column\">\n\t\t\t<div class=\"elementor-widget-wrap elementor-element-populated\">\n\t\t\t\t\t\t\t\t<div class=\"elementor-element elementor-element-b99dd36 elementor-widget elementor-widget-larson-heading\" data-id=\"b99dd36\" data-element_type=\"widget\" data-widget_type=\"larson-heading.default\">\n\t\t\t\t<div class=\"elementor-widget-container\">\n\t\t\t\n\t\t<section class=\"webpage__about-heading about-block\">\n          <div class=\"about-block__inner container\">\n                        <header class=\"about-block__header\" data-aos=\"fade\">\n              <h2 class=\"about-block__heading heading\">\n              \t<span >\n\t\t\t\t\tClientes registrados\t\t\t\t<\/span>\n              <\/h2>\n            <\/header>\n                      <\/div>\n        <\/section>\n\n\t\t\t\t<\/div>\n\t\t\t\t<\/div>\n\t\t\t\t<div class=\"elementor-element elementor-element-eca9604 elementor-widget elementor-widget-text-editor\" data-id=\"eca9604\" data-element_type=\"widget\" data-widget_type=\"text-editor.default\">\n\t\t\t\t<div class=\"elementor-widget-container\">\n\t\t\t\t\t\t\t<p>Si usted ya dispone de una cuenta, pulse sobre Acceder.<\/p>\t\t\t\t\t\t<\/div>\n\t\t\t\t<\/div>\n\t\t\t\t<div class=\"elementor-element elementor-element-6c48664 elementor-align-center elementor-widget elementor-widget-button\" data-id=\"6c48664\" data-element_type=\"widget\" data-widget_type=\"button.default\">\n\t\t\t\t<div class=\"elementor-widget-container\">\n\t\t\t\t\t<div class=\"elementor-button-wrapper\">\n\t\t\t<a href=\"https:\/\/ecommerce.asein.com\/ecom\" target=\"_blank\" class=\"elementor-button-link elementor-button elementor-size-sm\" role=\"button\">\n\t\t\t\t\t\t<span class=\"elementor-button-content-wrapper\">\n\t\t\t\t\t\t<span class=\"elementor-button-text\">Acceder<\/span>\n\t\t<\/span>\n\t\t\t\t\t<\/a>\n\t\t<\/div>\n\t\t\t\t<\/div>\n\t\t\t\t<\/div>\n\t\t\t\t\t<\/div>\n\t\t<\/div>\n\t\t\t\t\t\t\t<\/div>\n\t\t<\/section>\n\t\t\t\t\t\t<\/div>\n\t\t\t\t\t<\/div>\n\t\t","protected":false},"excerpt":{"rendered":"<p>Compra R\u00e1pida SOMOS MAYORISTAS\u00a0\u00a1REG\u00cdSTRATE Y COMPRA AL MEJOR PRECIO! Nuevos clientes Si todav\u00eda no eres cliente de ASEIN utiliza esta opci\u00f3n para darte de alta y disfrutar de las ventajas. S\u00f3lo para profesionales de ferreter\u00eda y suministros industriales Crear cuenta Clientes registrados Si usted ya dispone de una cuenta, pulse&#8230; <\/p>\n<div class=\"readmore\"><a href=\"https:\/\/asein.com\/comercializacion\/compra-rapida\/\" class=\"btn-link\">Read more<\/a><\/div>\n","protected":false},"author":1,"featured_media":0,"parent":0,"menu_order":0,"comment_status":"closed","ping_status":"closed","template":"template-elementor-default.php","meta":{"footnotes":""},"class_list":["post-1640","page","type-page","status-publish","hentry"],"_links":{"self":[{"href":"https:\/\/asein.com\/comercializacion\/wp-json\/wp\/v2\/pages\/1640","targetHints":{"allow":["GET"]}}],"collection":[{"href":"https:\/\/asein.com\/comercializacion\/wp-json\/wp\/v2\/pages"}],"about":[{"href":"https:\/\/asein.com\/comercializacion\/wp-json\/wp\/v2\/types\/page"}],"author":[{"embeddable":true,"href":"https:\/\/asein.com\/comercializacion\/wp-json\/wp\/v2\/users\/1"}],"replies":[{"embeddable":true,"href":"https:\/\/asein.com\/comercializacion\/wp-json\/wp\/v2\/comments?post=1640"}],"version-history":[{"count":145,"href":"https:\/\/asein.com\/comercializacion\/wp-json\/wp\/v2\/pages\/1640\/revisions"}],"predecessor-version":[{"id":2354,"href":"https:\/\/asein.com\/comercializacion\/wp-json\/wp\/v2\/pages\/1640\/revisions\/2354"}],"wp:attachment":[{"href":"https:\/\/asein.com\/comercializacion\/wp-json\/wp\/v2\/media?parent=1640"}],"curies":[{"name":"wp","href":"https:\/\/api.w.org\/{rel}","templated":true}]}}