{"id":2094,"date":"2021-10-20T10:22:21","date_gmt":"2021-10-20T10:22:21","guid":{"rendered":"http:\/\/asein.com\/comercializacion\/?page_id=2094"},"modified":"2024-03-11T10:13:21","modified_gmt":"2024-03-11T10:13:21","slug":"politica-de-cookies","status":"publish","type":"page","link":"https:\/\/asein.com\/comercializacion\/politica-de-cookies\/","title":{"rendered":"Pol\u00edtica de Cookies"},"content":{"rendered":"\t\t<div data-elementor-type=\"wp-page\" data-elementor-id=\"2094\" class=\"elementor elementor-2094\" data-elementor-settings=\"[]\">\n\t\t\t\t\t\t\t<div class=\"elementor-section-wrap\">\n\t\t\t\t\t\t\t<section class=\"elementor-section elementor-top-section elementor-element elementor-element-d6c90db elementor-section-boxed elementor-section-height-default elementor-section-height-default\" data-id=\"d6c90db\" data-element_type=\"section\">\n\t\t\t\t\t\t<div class=\"elementor-container elementor-column-gap-default\">\n\t\t\t\t\t<div class=\"elementor-column elementor-col-100 elementor-top-column elementor-element elementor-element-609fd2c\" data-id=\"609fd2c\" data-element_type=\"column\">\n\t\t\t<div class=\"elementor-widget-wrap elementor-element-populated\">\n\t\t\t\t\t\t\t\t<div class=\"elementor-element elementor-element-dadb7e7 elementor-widget elementor-widget-larson-heading\" data-id=\"dadb7e7\" data-element_type=\"widget\" data-widget_type=\"larson-heading.default\">\n\t\t\t\t<div class=\"elementor-widget-container\">\n\t\t\t\n\t\t<section class=\"webpage__about-heading about-block\">\n          <div class=\"about-block__inner container\">\n                        <header class=\"about-block__header\" data-aos=\"fade\">\n              <h2 class=\"about-block__heading heading\">\n              \t<span >\n\t\t\t\t\tPol\u00edtica de cookies\t\t\t\t<\/span>\n              <\/h2>\n            <\/header>\n                      <\/div>\n        <\/section>\n\n\t\t\t\t<\/div>\n\t\t\t\t<\/div>\n\t\t\t\t<div class=\"elementor-element elementor-element-6db68c6 elementor-widget elementor-widget-text-editor\" data-id=\"6db68c6\" data-element_type=\"widget\" data-widget_type=\"text-editor.default\">\n\t\t\t\t<div class=\"elementor-widget-container\">\n\t\t\t\t\t\t\t<p>Este sitio web, al igual que la mayor\u00eda de los sitios web en Internet, utiliza cookies tanto propias como de terceros, as\u00ed como otras tecnolog\u00edas an\u00e1logas, lo que implica la realizaci\u00f3n de tratamientos de datos de car\u00e1cter personal con arreglo a la normativa europea y espa\u00f1ola aplicables. A continuaci\u00f3n, se proporciona informaci\u00f3n b\u00e1sica o esencial sobre las cookies que empleamos nosotros y nuestros socios de forma espec\u00edfica, y c\u00f3mo gestionar sus opciones de consentimiento y rechazo.<\/p><p>Si desea contactar con nosotros respecto nuestra pol\u00edtica de cookies, puede hacerlo en\u00a0<strong>asein@asein.com.<\/strong><\/p>\t\t\t\t\t\t<\/div>\n\t\t\t\t<\/div>\n\t\t\t\t<div class=\"elementor-element elementor-element-9b36965 elementor-widget elementor-widget-heading\" data-id=\"9b36965\" data-element_type=\"widget\" data-widget_type=\"heading.default\">\n\t\t\t\t<div class=\"elementor-widget-container\">\n\t\t\t<h2 class=\"elementor-heading-title elementor-size-default\">\u00bfQu\u00e9 son las cookies?<\/h2>\t\t<\/div>\n\t\t\t\t<\/div>\n\t\t\t\t<div class=\"elementor-element elementor-element-45cb4f8 elementor-widget elementor-widget-text-editor\" data-id=\"45cb4f8\" data-element_type=\"widget\" data-widget_type=\"text-editor.default\">\n\t\t\t\t<div class=\"elementor-widget-container\">\n\t\t\t\t\t\t\t<p>Las cookies son peque\u00f1os archivos que se env\u00edan y almacenan en el equipo terminal del usuario a trav\u00e9s de su navegador cuando \u00e9ste se conecta a un sitio web.<\/p><p>Las cookies se pueden utilizar para recabar y almacenar datos del usuario mientras est\u00e1 conectado para facilitarle los servicios solicitados y que no se suelen conservar (cookies de sesi\u00f3n), o para conservar los datos del usuario para otro tipo de servicios futuros y que se pueden conservar por tiempo indefinido (cookies persistentes). Las cookies pueden ser propias o de terceros.<\/p><p>Sus funciones pueden ser muy variadas: almacenar sus preferencias de navegaci\u00f3n, recopilar informaci\u00f3n estad\u00edstica, permitir ciertas funcionalidades t\u00e9cnicas, etc\u00e9tera. En ocasiones, las cookies se utilizan para almacenar informaci\u00f3n b\u00e1sica sobre los h\u00e1bitos de navegaci\u00f3n del usuario o de su equipo, hasta el punto, seg\u00fan los casos, de poder reconocerlo.<\/p>\t\t\t\t\t\t<\/div>\n\t\t\t\t<\/div>\n\t\t\t\t<div class=\"elementor-element elementor-element-4827bd5 elementor-widget elementor-widget-heading\" data-id=\"4827bd5\" data-element_type=\"widget\" data-widget_type=\"heading.default\">\n\t\t\t\t<div class=\"elementor-widget-container\">\n\t\t\t<h2 class=\"elementor-heading-title elementor-size-default\">\u00bfPor qu\u00e9 son importantes?<\/h2>\t\t<\/div>\n\t\t\t\t<\/div>\n\t\t\t\t<div class=\"elementor-element elementor-element-dd83182 elementor-widget elementor-widget-text-editor\" data-id=\"dd83182\" data-element_type=\"widget\" data-widget_type=\"text-editor.default\">\n\t\t\t\t<div class=\"elementor-widget-container\">\n\t\t\t\t\t\t\t<p>Las cookies son \u00fatiles por varios motivos. Desde un punto de vista t\u00e9cnico, permiten que las p\u00e1ginas web funcionen de forma m\u00e1s \u00e1gil y adaptada a sus preferencias, como por ejemplo almacenar su idioma o la moneda de su pa\u00eds. Adem\u00e1s, pueden ayudar a los responsables de los sitios web a mejorar los servicios que ofrecen, gracias a la informaci\u00f3n estad\u00edstica que recogen a trav\u00e9s de ellas.<\/p>\t\t\t\t\t\t<\/div>\n\t\t\t\t<\/div>\n\t\t\t\t<div class=\"elementor-element elementor-element-7559db9 elementor-widget elementor-widget-heading\" data-id=\"7559db9\" data-element_type=\"widget\" data-widget_type=\"heading.default\">\n\t\t\t\t<div class=\"elementor-widget-container\">\n\t\t\t<h2 class=\"elementor-heading-title elementor-size-default\">\u00bfCu\u00e1les son las restricciones en el uso de cookies?<\/h2>\t\t<\/div>\n\t\t\t\t<\/div>\n\t\t\t\t<div class=\"elementor-element elementor-element-52d29ed elementor-widget elementor-widget-text-editor\" data-id=\"52d29ed\" data-element_type=\"widget\" data-widget_type=\"text-editor.default\">\n\t\t\t\t<div class=\"elementor-widget-container\">\n\t\t\t\t\t\t\t<p>El uso de las cookies se rige por las obligaciones previstas en el apartado segundo del art\u00edculo 22 de la Ley 34\/2002, de 11 de julio, de servicios de la sociedad de la informaci\u00f3n y de comercio electr\u00f3nico (en adelante, LSSI), en relaci\u00f3n con el Reglamento (UE) 2016\/679 del Parlamento Europeo y del Consejo, de 27 de abril de 2016, General de Protecci\u00f3n de Datos (en adelante, RGPD) y la Ley Org\u00e1nica 3\/2018, de 5 de diciembre, de Protecci\u00f3n de Datos y garant\u00eda de los derechos digitales (en adelante, LOPDGDD).<\/p><p>Se considerar\u00e1 que existe tratamiento de datos personales cuando el usuario est\u00e9 identificado por un nombre o direcci\u00f3n de email que lo identifique (por ejemplo, por tratarse de un usuario registrado) o cuando se utilicen identificadores \u00fanicos que permitan distinguir unos usuarios de otros y realizar un seguimiento individualizado de los mismos (por ejemplo, un ID de publicidad o una direcci\u00f3n IP).<\/p><p>Lo anterior no impedir\u00e1 el posible almacenamiento o acceso de \u00edndole t\u00e9cnica al solo fin de permitir \u00fanicamente la comunicaci\u00f3n entre el equipo del usuario y la red, para la prestaci\u00f3n de un servicio expresamente solicitado por el destinatario. Al estar excluidas del \u00e1mbito de aplicaci\u00f3n del art\u00edculo 22.2 de la LSSI, no ser\u00eda necesario informar ni obtener el consentimiento sobre su uso.<\/p><p>Por el contrario, ser\u00e1 necesario informar y obtener el consentimiento para la utilizaci\u00f3n de cualquier otro tipo de cookies, tanto propios como de terceros, de sesi\u00f3n o persistentes, que no queden fuera del \u00e1mbito de aplicaci\u00f3n del art\u00edculo 22.2 de la LSSI.<\/p>\t\t\t\t\t\t<\/div>\n\t\t\t\t<\/div>\n\t\t\t\t<div class=\"elementor-element elementor-element-2fa2f64 elementor-widget elementor-widget-heading\" data-id=\"2fa2f64\" data-element_type=\"widget\" data-widget_type=\"heading.default\">\n\t\t\t\t<div class=\"elementor-widget-container\">\n\t\t\t<h2 class=\"elementor-heading-title elementor-size-default\">\u00bfC\u00f3mo utilizamos las cookies?<\/h2>\t\t<\/div>\n\t\t\t\t<\/div>\n\t\t\t\t<div class=\"elementor-element elementor-element-69b24ec elementor-widget elementor-widget-text-editor\" data-id=\"69b24ec\" data-element_type=\"widget\" data-widget_type=\"text-editor.default\">\n\t\t\t\t<div class=\"elementor-widget-container\">\n\t\t\t\t\t\t\t<p>ASEIN utiliza cookies propias y de terceros en sus sitios web.<\/p><p>Existen varios tipos de cookies:<\/p><ul><li><strong>Cookies t\u00e9cnicas:<\/strong> son aquellas que permiten al usuario la navegaci\u00f3n a trav\u00e9s de una p\u00e1gina web, plataforma o aplicaci\u00f3n y la utilizaci\u00f3n de las diferentes opciones o servicios que en ella existan, incluyendo aquellas que el editor utiliza para permitir la gesti\u00f3n y operativa de la p\u00e1gina web y habilitar sus funciones y servicios.El uso de este tipo de cookies no supone un tratamiento de datos personales ni est\u00e1n sujetas a consentimiento.<p>ASEIN utiliza las siguientes cookies t\u00e9cnicas en este sitio web.<\/p><\/li><\/ul><table width=\"900\"><tbody><tr><td width=\"180\"><strong>Nombre<\/strong><\/td><td width=\"120\"><strong>Proveedor<\/strong><\/td><td width=\"440\"><strong>Uso<\/strong><\/td><td width=\"70\"><strong>Tipo<\/strong><\/td><td width=\"90\"><strong>Persistencia<\/strong><\/td><\/tr><tr><td width=\"78\"><strong>cookiefirst-consent<\/strong><\/td><td width=\"90\"><a href=\"https:\/\/cookiefirst.com\/legal\/data-processing-agreement\/\" target=\"_blank\" rel=\"noopener noreferrer\">Cookie First<\/a><\/td><td width=\"298\">Esta cookie guarda sus preferencias de cookies para este sitio web. Usted puede cambiarlos o retirar su consentimiento f\u00e1cilmente.<\/td><td width=\"42\">Cookie<\/td><td width=\"76\">6 meses<\/td><\/tr><tr><td width=\"78\"><strong>cookiefirst-consent<\/strong><\/td><td width=\"90\"><a href=\"https:\/\/cookiefirst.com\/legal\/data-processing-agreement\/\" target=\"_blank\" rel=\"noopener noreferrer\">Cookie First<\/a><\/td><td width=\"298\">Esta cookie guarda sus preferencias de cookies para este sitio web. Usted puede cambiarlos o retirar su consentimiento f\u00e1cilmente.<\/td><td width=\"42\">Almacenamiento local<\/td><td width=\"76\">Persistente<\/td><\/tr><tr><td width=\"78\"><b>cookiefirst-id<\/b><\/td><td width=\"90\"><a href=\"https:\/\/cookiefirst.com\/legal\/data-processing-agreement\/\" target=\"_blank\" rel=\"noopener noreferrer\">Cookie First<\/a><\/td><td width=\"298\">Esta cookie contiene su identificaci\u00f3n \u00fanica para que CookieFirst pueda identificar a los visitantes \u00fanicos de este sitio web.<\/td><td width=\"42\">Almacenamiento local<\/td><td width=\"76\">Persistente<\/td><\/tr><\/tbody><\/table><ul><li><strong>Cookies de registro<\/strong> que se generan cuando usted se registra en un sitio web. Son cookies propias que le identifican como usuario registrado e indican cu\u00e1ndo usted se ha identificado en el portal.Estas cookies son utilizadas para identificar su cuenta de usuario y sus servicios asociados. Estas cookies se mantienen mientras usted no abandone la cuenta, cierre el navegador o apague el dispositivo.<br \/>Estas cookies pueden ser utilizadas en combinaci\u00f3n con datos anal\u00edticos para identificar de manera individual sus preferencias en nuestro sitio web.<p>\u00a0<\/p><p>ASEIN no utiliza cookies de registro en este sitio web para permitir el acceso al \u00e1rea privada de usuarios<\/p><\/li><\/ul><ul><li><strong>Cookies de preferencias o personalizaci\u00f3n:<\/strong> son aquellas que nos permiten recordar informaci\u00f3n para que el usuario acceda al servicio con determinadas caracter\u00edsticas que pueden diferenciar su experiencia de la de otros usuarios, como, por ejemplo, el idioma, el n\u00famero de resultados a mostrar cuando el usuario realiza una b\u00fasqueda, el aspecto o contenido del servicio en funci\u00f3n del tipo de navegador a trav\u00e9s del cual el usuario accede al servicio o de la regi\u00f3n desde la que accede al servicio, etc.Al ser el propio usuario quien elige estas caracter\u00edsticas se considera un servicio expresamente solicitado por el usuario y, por tanto, no est\u00e1n sujetas a consentimiento.<p>ASEIN no utiliza cookies de preferencias o personalizaci\u00f3n en este sitio web<\/p><\/li><\/ul><ul><li><strong>Cookies de an\u00e1lisis o medici\u00f3n:<\/strong> son aquellas que, tratadas por nosotros o mediante servicios de terceros, nos permiten cuantificar el n\u00famero de usuarios y as\u00ed realizar la medici\u00f3n y an\u00e1lisis estad\u00edstico de la utilizaci\u00f3n que hacen los usuarios del servicio ofertado. Para ello se analiza su navegaci\u00f3n en nuestra p\u00e1gina web con el fin de mejorar su usabilidad y la presentaci\u00f3n de los productos o servicios que le ofrecemos.La licitud del tratamiento est\u00e1 basada en el inter\u00e9s leg\u00edtimo del responsable del tratamiento ya que se utilizan datos agregados sin identificaci\u00f3n directa de los usuarios (se anonimiza la direcci\u00f3n IP de acceso), y se utilizan \u00fanicamente con una finalidad estrictamente estad\u00edstica. El consentimiento se prestar\u00e1 mediante cualquier acci\u00f3n positiva que implique continuar con la navegaci\u00f3n, como acceder a otras p\u00e1ginas, y se incluye la posibilidad de que los usuarios manifiesten su negativa sobre su utilizaci\u00f3n.<p>ASEIN utiliza las siguientes cookies de an\u00e1lisis para conocer y mejorar el uso que se realiza de nuestros sitios web.<\/p><\/li><\/ul><table width=\"575\"><tbody><tr><td width=\"101\"><strong>Nombre<\/strong><\/td><td width=\"77\"><strong>Proveedor<\/strong><\/td><td width=\"266\"><strong>Uso<\/strong><\/td><td width=\"55\"><strong>Tipo<\/strong><\/td><td width=\"76\"><strong>Persistencia<\/strong><\/td><\/tr><tr><td width=\"101\">\u00a0<\/td><td width=\"77\">\u00a0<\/td><td width=\"266\">\u00a0<\/td><td width=\"55\">\u00a0<\/td><td width=\"76\">\u00a0<\/td><\/tr><tr><td width=\"101\">\u00a0<\/td><td width=\"77\">\u00a0<\/td><td width=\"266\">\u00a0<\/td><td width=\"55\">\u00a0<\/td><td width=\"76\">\u00a0<\/td><\/tr><tr><td width=\"101\">\u00a0<\/td><td width=\"77\">\u00a0<\/td><td width=\"266\">\u00a0<\/td><td width=\"55\">\u00a0<\/td><td width=\"76\">\u00a0<\/td><\/tr><tr><td width=\"101\">\u00a0<\/td><td width=\"77\">\u00a0<\/td><td width=\"266\">\u00a0<\/td><td width=\"55\">\u00a0<\/td><td width=\"76\">\u00a0<\/td><\/tr><tr><td width=\"101\">\u00a0<\/td><td width=\"77\">\u00a0<\/td><td width=\"266\">\u00a0<\/td><td width=\"55\">\u00a0<\/td><td width=\"76\">\u00a0<\/td><\/tr><\/tbody><\/table><p><sup>1<\/sup> m\u00e1s informaci\u00f3n sobre la pol\u00edtica de privacidad y uso de las cookies de Google en: <a href=\"https:\/\/policies.google.com\/technologies\/cookies\"><em>https:\/\/policies.google.com\/technologies\/cookies<\/em><\/a><\/p><p><em><u>\u00a0<\/u><\/em><\/p><ul><li><strong>Cookies de geolocalizaci\u00f3n<\/strong> que son usadas por programas que intentan localizar geogr\u00e1ficamente la situaci\u00f3n del ordenador, smartphone, tableta o televisi\u00f3n conectada, para de manera totalmente an\u00f3nima ofrecerle contenidos y servicios m\u00e1s adecuados.ASEIN no utiliza cookies de preferencias o personalizaci\u00f3n en este sitio web<\/li><\/ul><ul><li><strong>Cookies de marketing o publicidad comportamental: <\/strong>son aquellas que, tratadas por nosotros o por terceros, almacenan informaci\u00f3n del comportamiento de los usuarios obtenida a trav\u00e9s de la observaci\u00f3n continuada de sus h\u00e1bitos de navegaci\u00f3n, lo que nos permitir\u00eda, por ejemplo, desarrollar un perfil espec\u00edfico para mostrar publicidad en funci\u00f3n de este.La utilizaci\u00f3n de este tipo de cookies \u00fanicamente se puede realizar bajo consentimiento expreso.<p>ASEIN no utiliza cookies de marketing o publicidad comportamental en este sitio web<\/p><\/li><\/ul><ul><li><b><b>Otras cookies de terceros<\/b><\/b>\u00a0<p>En algunas p\u00e1ginas se pueden instalar cookies de terceros que permitan gestionar y mejorar los servicios que \u00e9stos ofrecen. Un ejemplo de este uso son los enlaces a las redes sociales que permiten compartir nuestros contenidos.ASEIN no utiliza cookies de terceros en este sitio web.<\/p><\/li><\/ul>\t\t\t\t\t\t<\/div>\n\t\t\t\t<\/div>\n\t\t\t\t<div class=\"elementor-element elementor-element-203a6c8 elementor-widget elementor-widget-heading\" data-id=\"203a6c8\" data-element_type=\"widget\" data-widget_type=\"heading.default\">\n\t\t\t\t<div class=\"elementor-widget-container\">\n\t\t\t<h2 class=\"elementor-heading-title elementor-size-default\">\u00bfC\u00f3mo puedo configurar mis preferencias?<\/h2>\t\t<\/div>\n\t\t\t\t<\/div>\n\t\t\t\t<div class=\"elementor-element elementor-element-5751edb elementor-widget elementor-widget-text-editor\" data-id=\"5751edb\" data-element_type=\"widget\" data-widget_type=\"text-editor.default\">\n\t\t\t\t<div class=\"elementor-widget-container\">\n\t\t\t\t\t\t\t<p>Puede permitir, bloquear o eliminar las cookies instaladas en su equipo mediante la configuraci\u00f3n de las opciones de su navegador de internet. En el caso en que las bloquee, es posible que ciertos servicios que necesitan su uso no est\u00e9n disponibles para usted.\u00a0<\/p><p>A continuaci\u00f3n, le ofrecemos enlaces en los que encontrar\u00e1 informaci\u00f3n sobre c\u00f3mo puede activar sus preferencias en los principales navegadores:\u00a0<\/p><ul><li><a href=\"http:\/\/support.google.com\/chrome\/bin\/answer.py?hl=es&amp;answer=95647\">Google Chrome<\/a><\/li><li><a href=\"http:\/\/support.mozilla.org\/es\/kb\/cookies-informacion-que-los-sitios-web-guardan-en-?redirectlocale=en-US&amp;redirectslug=Cookies\">Mozilla Firefox<\/a><\/li><li><a href=\"http:\/\/support.microsoft.com\/kb\/196955\/es\">Internet Explorer<\/a><\/li><li><a href=\"http:\/\/Es posible que actualicemos la Pol\u00edtica de Cookies de nuestro Sitio Web, por ello le recomendamos revisar esta pol\u00edtica cada vez que acceda a nuestro Sitio Web con el objetivo de estar adecuadamente informado sobre c\u00f3mo y para qu\u00e9 usamos las cookies.\" target=\"_blank\" rel=\"noopener\">Microsoft Edge<\/a><\/li><li><a href=\"http:\/\/www.lavanguardia.com\/cookiesSafari.html\">Safari<\/a><\/li><li><a href=\"http:\/\/support.apple.com\/kb\/HT1677?viewlocale=es_ES\">Safari para IOS (iPhone, iPad)<\/a><\/li><\/ul>\t\t\t\t\t\t<\/div>\n\t\t\t\t<\/div>\n\t\t\t\t<div class=\"elementor-element elementor-element-0eb8b96 elementor-widget elementor-widget-heading\" data-id=\"0eb8b96\" data-element_type=\"widget\" data-widget_type=\"heading.default\">\n\t\t\t\t<div class=\"elementor-widget-container\">\n\t\t\t<h2 class=\"elementor-heading-title elementor-size-default\">\u00bfACTUALIZAMOS NUESTRA POL\u00cdTICA DE COOKIES?<\/h2>\t\t<\/div>\n\t\t\t\t<\/div>\n\t\t\t\t<div class=\"elementor-element elementor-element-249b6d8 elementor-widget elementor-widget-text-editor\" data-id=\"249b6d8\" data-element_type=\"widget\" data-widget_type=\"text-editor.default\">\n\t\t\t\t<div class=\"elementor-widget-container\">\n\t\t\t\t\t\t\t<p>Es posible que actualicemos la Pol\u00edtica de Cookies de nuestro Sitio Web, por ello le recomendamos revisar esta pol\u00edtica cada vez que acceda a nuestro Sitio Web con el objetivo de estar adecuadamente informado sobre c\u00f3mo y para qu\u00e9 usamos las cookies.<\/p>\t\t\t\t\t\t<\/div>\n\t\t\t\t<\/div>\n\t\t\t\t\t<\/div>\n\t\t<\/div>\n\t\t\t\t\t\t\t<\/div>\n\t\t<\/section>\n\t\t\t\t\t\t<\/div>\n\t\t\t\t\t<\/div>\n\t\t","protected":false},"excerpt":{"rendered":"<p>Pol\u00edtica de cookies Este sitio web, al igual que la mayor\u00eda de los sitios web en Internet, utiliza cookies tanto propias como de terceros, as\u00ed como otras tecnolog\u00edas an\u00e1logas, lo que implica la realizaci\u00f3n de tratamientos de datos de car\u00e1cter personal con arreglo a la normativa europea y espa\u00f1ola aplicables&#8230;. <\/p>\n<div class=\"readmore\"><a href=\"https:\/\/asein.com\/comercializacion\/politica-de-cookies\/\" class=\"btn-link\">Read more<\/a><\/div>\n","protected":false},"author":1,"featured_media":0,"parent":0,"menu_order":0,"comment_status":"closed","ping_status":"closed","template":"template-elementor-default.php","meta":{"footnotes":""},"class_list":["post-2094","page","type-page","status-publish","hentry"],"_links":{"self":[{"href":"https:\/\/asein.com\/comercializacion\/wp-json\/wp\/v2\/pages\/2094","targetHints":{"allow":["GET"]}}],"collection":[{"href":"https:\/\/asein.com\/comercializacion\/wp-json\/wp\/v2\/pages"}],"about":[{"href":"https:\/\/asein.com\/comercializacion\/wp-json\/wp\/v2\/types\/page"}],"author":[{"embeddable":true,"href":"https:\/\/asein.com\/comercializacion\/wp-json\/wp\/v2\/users\/1"}],"replies":[{"embeddable":true,"href":"https:\/\/asein.com\/comercializacion\/wp-json\/wp\/v2\/comments?post=2094"}],"version-history":[{"count":10,"href":"https:\/\/asein.com\/comercializacion\/wp-json\/wp\/v2\/pages\/2094\/revisions"}],"predecessor-version":[{"id":3314,"href":"https:\/\/asein.com\/comercializacion\/wp-json\/wp\/v2\/pages\/2094\/revisions\/3314"}],"wp:attachment":[{"href":"https:\/\/asein.com\/comercializacion\/wp-json\/wp\/v2\/media?parent=2094"}],"curies":[{"name":"wp","href":"https:\/\/api.w.org\/{rel}","templated":true}]}}