{"id":2183,"date":"2021-10-20T12:25:33","date_gmt":"2021-10-20T12:25:33","guid":{"rendered":"http:\/\/asein.com\/comercializacion\/?page_id=2183"},"modified":"2023-02-22T11:17:51","modified_gmt":"2023-02-22T11:17:51","slug":"aviso-legal","status":"publish","type":"page","link":"https:\/\/asein.com\/comercializacion\/aviso-legal\/","title":{"rendered":"Aviso Legal"},"content":{"rendered":"\t\t<div data-elementor-type=\"wp-page\" data-elementor-id=\"2183\" class=\"elementor elementor-2183\" data-elementor-settings=\"[]\">\n\t\t\t\t\t\t\t<div class=\"elementor-section-wrap\">\n\t\t\t\t\t\t\t<section class=\"elementor-section elementor-top-section elementor-element elementor-element-4f3e29de elementor-section-boxed elementor-section-height-default elementor-section-height-default\" data-id=\"4f3e29de\" data-element_type=\"section\">\n\t\t\t\t\t\t<div class=\"elementor-container elementor-column-gap-default\">\n\t\t\t\t\t<div class=\"elementor-column elementor-col-100 elementor-top-column elementor-element elementor-element-1bcde05b\" data-id=\"1bcde05b\" data-element_type=\"column\">\n\t\t\t<div class=\"elementor-widget-wrap elementor-element-populated\">\n\t\t\t\t\t\t\t\t<div class=\"elementor-element elementor-element-92562f8 elementor-widget elementor-widget-larson-heading\" data-id=\"92562f8\" data-element_type=\"widget\" data-widget_type=\"larson-heading.default\">\n\t\t\t\t<div class=\"elementor-widget-container\">\n\t\t\t\n\t\t<section class=\"webpage__about-heading about-block\">\n          <div class=\"about-block__inner container\">\n                        <header class=\"about-block__header\" data-aos=\"fade\">\n              <h2 class=\"about-block__heading heading\">\n              \t<span >\n\t\t\t\t\t<p>Aviso Legal<\/p>\t\t\t\t<\/span>\n              <\/h2>\n            <\/header>\n                      <\/div>\n        <\/section>\n\n\t\t\t\t<\/div>\n\t\t\t\t<\/div>\n\t\t\t\t<div class=\"elementor-element elementor-element-188904b6 elementor-widget elementor-widget-text-editor\" data-id=\"188904b6\" data-element_type=\"widget\" data-widget_type=\"text-editor.default\">\n\t\t\t\t<div class=\"elementor-widget-container\">\n\t\t\t\t\t\t\t<p>El uso de este sitio web www.asein.com se rige por las normas establecidas en la presente nota legal.<\/p>\t\t\t\t\t\t<\/div>\n\t\t\t\t<\/div>\n\t\t\t\t<div class=\"elementor-element elementor-element-73caa2d elementor-widget elementor-widget-heading\" data-id=\"73caa2d\" data-element_type=\"widget\" data-widget_type=\"heading.default\">\n\t\t\t\t<div class=\"elementor-widget-container\">\n\t\t\t<h2 class=\"elementor-heading-title elementor-size-default\">Condiciones de uso<\/h2>\t\t<\/div>\n\t\t\t\t<\/div>\n\t\t\t\t<div class=\"elementor-element elementor-element-cb9d3f7 elementor-widget elementor-widget-text-editor\" data-id=\"cb9d3f7\" data-element_type=\"widget\" data-widget_type=\"text-editor.default\">\n\t\t\t\t<div class=\"elementor-widget-container\">\n\t\t\t\t\t\t\t<p>En cumplimiento de la Ley 34\/2002, de 11 de julio, de servicios de la sociedad de la informaci\u00f3n y de comercio electr\u00f3nico, le informamos que ASEIN INGENIEROS SL&nbsp;es el titular del website www.asein.com, con NIF: B-65159832 y domicilio en C\/ Enric Prat de la Riba, 10 08830 Sant Boi de Llobregat (Barcelona). Pueden contactar con nosotros, adem\u00e1s de estar a su disposici\u00f3n en nuestro domicilio, usando los siguientes medios: asein@asein.com<\/p>\t\t\t\t\t\t<\/div>\n\t\t\t\t<\/div>\n\t\t\t\t<div class=\"elementor-element elementor-element-24e2530 elementor-widget elementor-widget-heading\" data-id=\"24e2530\" data-element_type=\"widget\" data-widget_type=\"heading.default\">\n\t\t\t\t<div class=\"elementor-widget-container\">\n\t\t\t<h2 class=\"elementor-heading-title elementor-size-default\">Limitaci\u00f3n de la responsabilidad<\/h2>\t\t<\/div>\n\t\t\t\t<\/div>\n\t\t\t\t<div class=\"elementor-element elementor-element-5c16492 elementor-widget elementor-widget-text-editor\" data-id=\"5c16492\" data-element_type=\"widget\" data-widget_type=\"text-editor.default\">\n\t\t\t\t<div class=\"elementor-widget-container\">\n\t\t\t\t\t\t\t<p>En www.asein.com no nos responsabilizamos del mal uso que se realice de los contenidos de nuestra p\u00e1gina web, siendo exclusiva responsabilidad de la persona que accede a ellos o los utiliza.<\/p>\n<p>Tampoco asumimos ninguna responsabilidad por la informaci\u00f3n contenida en las p\u00e1ginas web de terceros a las que se pueda acceder por enlaces o buscadores desde la p\u00e1gina web www.asein.com.<\/p>\t\t\t\t\t\t<\/div>\n\t\t\t\t<\/div>\n\t\t\t\t<div class=\"elementor-element elementor-element-d9a7833 elementor-widget elementor-widget-heading\" data-id=\"d9a7833\" data-element_type=\"widget\" data-widget_type=\"heading.default\">\n\t\t\t\t<div class=\"elementor-widget-container\">\n\t\t\t<h2 class=\"elementor-heading-title elementor-size-default\">Pol\u00edtica de enlaces<\/h2>\t\t<\/div>\n\t\t\t\t<\/div>\n\t\t\t\t<div class=\"elementor-element elementor-element-1e11984 elementor-widget elementor-widget-text-editor\" data-id=\"1e11984\" data-element_type=\"widget\" data-widget_type=\"text-editor.default\">\n\t\t\t\t<div class=\"elementor-widget-container\">\n\t\t\t\t\t\t\t<p>www.asein.com no se hace responsable del contenido ni de la informaci\u00f3n de las p\u00e1ginas web de terceros a las que el usuario pueda acceder a trav\u00e9s de los enlaces establecidos en su sitio web. Asimismo, tampoco garantizar\u00e1 la disponibilidad t\u00e9cnica, exactitud, veracidad, validez o legalidad de p\u00e1ginas ajenas a su propiedad a las que se pueda acceder por medio de los enlaces.<\/p>\n<p>www.asein.com declara haber adoptado todas las medidas necesarias para evitar cualesquiera da\u00f1os que, a los usuarios de su sitio web, pudieran derivarse de la navegaci\u00f3n por su p\u00e1gina web. En consecuencia, www.asein.com no se hace responsable, en ning\u00fan caso, de los eventuales da\u00f1os que por la navegaci\u00f3n por Internet pudiera sufrir el usuario.<\/p>\t\t\t\t\t\t<\/div>\n\t\t\t\t<\/div>\n\t\t\t\t<div class=\"elementor-element elementor-element-7993311 elementor-widget elementor-widget-heading\" data-id=\"7993311\" data-element_type=\"widget\" data-widget_type=\"heading.default\">\n\t\t\t\t<div class=\"elementor-widget-container\">\n\t\t\t<h2 class=\"elementor-heading-title elementor-size-default\">Modificaciones<\/h2>\t\t<\/div>\n\t\t\t\t<\/div>\n\t\t\t\t<div class=\"elementor-element elementor-element-45d064d elementor-widget elementor-widget-text-editor\" data-id=\"45d064d\" data-element_type=\"widget\" data-widget_type=\"text-editor.default\">\n\t\t\t\t<div class=\"elementor-widget-container\">\n\t\t\t\t\t\t\t<p>www.asein.com se reserva el derecho de realizar las modificaciones que considere oportunas, sin aviso previo, en el contenido de su sitio web, tanto en lo referente a los contenidos del sitio web, como en las condiciones de uso de la misma. Por todo ello, www.asein.com se reserva el derecho a actualizar, modificar o eliminar la informaci\u00f3n contenida en su sitio web, y la configuraci\u00f3n o presentaci\u00f3n del mismo, en cualquier momento, sin previo aviso, y sin asumir responsabilidad alguna por ello.<\/p>\t\t\t\t\t\t<\/div>\n\t\t\t\t<\/div>\n\t\t\t\t<div class=\"elementor-element elementor-element-81899c9 elementor-widget elementor-widget-heading\" data-id=\"81899c9\" data-element_type=\"widget\" data-widget_type=\"heading.default\">\n\t\t\t\t<div class=\"elementor-widget-container\">\n\t\t\t<h2 class=\"elementor-heading-title elementor-size-default\">Cookies<\/h2>\t\t<\/div>\n\t\t\t\t<\/div>\n\t\t\t\t<div class=\"elementor-element elementor-element-073563b elementor-widget elementor-widget-text-editor\" data-id=\"073563b\" data-element_type=\"widget\" data-widget_type=\"text-editor.default\">\n\t\t\t\t<div class=\"elementor-widget-container\">\n\t\t\t\t\t\t\t<p>www.asein.com informa que el sitio web utiliza una cookie en la navegaci\u00f3n del usuario por el sitio web para facilitar la personalizaci\u00f3n y comodidad de la navegaci\u00f3n. Gracias a esta cookie resulta posible que www.asein.com reconozca el idioma preferente escogido por el usuario, sin que tenga que seleccionarlo de nuevo cada vez que visite el sitio web para acceder a los contenidos.<\/p>\n<p>Siguiendo la pol\u00edtica de protecci\u00f3n de datos de la empresa, www.asein.com informa que las cookies se asocian al usuario an\u00f3nimo y a su ordenador, y en ning\u00fan caso proporcionan por s\u00ed el nombre y apellidos del usuario, y por tanto no se almacenan datos de car\u00e1cter personal del usuario. El usuario tiene la posibilidad de configurar el navegador de modo que se le informe de la recepci\u00f3n de cookies, pudiendo si as\u00ed lo desea, impedir que sean instaladas en el disco duro.<\/p>\t\t\t\t\t\t<\/div>\n\t\t\t\t<\/div>\n\t\t\t\t<div class=\"elementor-element elementor-element-4922ad0 elementor-widget elementor-widget-heading\" data-id=\"4922ad0\" data-element_type=\"widget\" data-widget_type=\"heading.default\">\n\t\t\t\t<div class=\"elementor-widget-container\">\n\t\t\t<h2 class=\"elementor-heading-title elementor-size-default\">Protecci\u00f3n de datos<\/h2>\t\t<\/div>\n\t\t\t\t<\/div>\n\t\t\t\t<div class=\"elementor-element elementor-element-d17d652 elementor-widget elementor-widget-text-editor\" data-id=\"d17d652\" data-element_type=\"widget\" data-widget_type=\"text-editor.default\">\n\t\t\t\t<div class=\"elementor-widget-container\">\n\t\t\t\t\t\t\t<p>La informaci\u00f3n personal que nos facilite a trav\u00e9s de los diferentes formularios, en los correos electr\u00f3nicos o cualquier otro medio que se presentan en este sitio Web, pasar\u00e1 a ser introducida en un fichero automatizado bajo la responsabilidad de \u00a0ASEIN INGENIEROS SL., y se mantendr\u00e1 confidencial y protegida. En ning\u00fan caso se destinar\u00e1 o utilizar\u00e1 para otros fines, ni se entregar\u00e1 a terceras personas sin su consentimiento, de acuerdo con los principios de protecci\u00f3n de datos de la ley espa\u00f1ola LOPD (Ley Org\u00e1nica 15\/99, del 13 de diciembre, de Protecci\u00f3n de Datos de Car\u00e1cter Personal y RD 1720\/2007, de 21 de diciembre, de Reglamento de Desarrollo). Para cumplir con las distintas disposiciones legales, hemos establecido diferentes niveles de seguridad para proteger los datos personales que nos faciliten, habiendo adoptado todas las medidas t\u00e9cnicas a nuestro alcance para evitar la p\u00e9rdida, mal uso, alteraci\u00f3n, acceso no autorizado y manipulaci\u00f3n de dichos datos personales.<\/p>\n<p>Tiene siempre derecho a ejercer sus derechos de acceso, rectificaci\u00f3n, oposici\u00f3n o cancelaci\u00f3n de los datos personales que nos haya proporcionado. Si as\u00ed lo desea, p\u00f3ngase en contacto con nosotros, indicando el derecho que desea ejercer junto con copia de su Documento de Identidad en:\u00a0asein@asein.com<\/p>\n<p>Mientras no nos comunique lo contrario, entenderemos que sus datos no han sido modificados, que usted se compromete a notificarnos cualquier variaci\u00f3n y que tenemos el consentimiento para utilizarlos a fin de poder fidelizar la relaci\u00f3n entre las partes.<\/p>\t\t\t\t\t\t<\/div>\n\t\t\t\t<\/div>\n\t\t\t\t<div class=\"elementor-element elementor-element-e01bd78 elementor-widget elementor-widget-heading\" data-id=\"e01bd78\" data-element_type=\"widget\" data-widget_type=\"heading.default\">\n\t\t\t\t<div class=\"elementor-widget-container\">\n\t\t\t<h2 class=\"elementor-heading-title elementor-size-default\">Propiedad intelectual de la web<\/h2>\t\t<\/div>\n\t\t\t\t<\/div>\n\t\t\t\t<div class=\"elementor-element elementor-element-a53afd9 elementor-widget elementor-widget-text-editor\" data-id=\"a53afd9\" data-element_type=\"widget\" data-widget_type=\"text-editor.default\">\n\t\t\t\t<div class=\"elementor-widget-container\">\n\t\t\t\t\t\t\t<p>Todos los derechos de propiedad intelectual derivados del contenido de esta p\u00e1gina web, su dise\u00f1o gr\u00e1fico y sus c\u00f3digos fuente, pertenecen a www.asein.com, correspondi\u00e9ndonos el ejercicio exclusivo de los derechos de explotaci\u00f3n de los mismos. Por tanto queda prohibida su reproducci\u00f3n, distribuci\u00f3n, comunicaci\u00f3n p\u00fablica y transformaci\u00f3n, total o parcial, sin la autorizaci\u00f3n expresa de www.asein.com, todos los nombres comerciales, marcas o signos distintos de cualquier clase contenidos en este sitio web est\u00e1n protegidos por ley. Ser\u00e1n, por consiguiente, obras protegidas como propiedad intelectual por el ordenamiento jur\u00eddico espa\u00f1ol, si\u00e9ndoles aplicables tanto la normativa espa\u00f1ola y comunitaria en este campo, como los tratados internacionales relativos a la materia y suscritos por Espa\u00f1a.<\/p>\t\t\t\t\t\t<\/div>\n\t\t\t\t<\/div>\n\t\t\t\t\t<\/div>\n\t\t<\/div>\n\t\t\t\t\t\t\t<\/div>\n\t\t<\/section>\n\t\t\t\t\t\t<\/div>\n\t\t\t\t\t<\/div>\n\t\t","protected":false},"excerpt":{"rendered":"<p>Aviso Legal El uso de este sitio web www.asein.com se rige por las normas establecidas en la presente nota legal. Condiciones de uso En cumplimiento de la Ley 34\/2002, de 11 de julio, de servicios de la sociedad de la informaci\u00f3n y de comercio electr\u00f3nico, le informamos que ASEIN INGENIEROS&#8230; <\/p>\n<div class=\"readmore\"><a href=\"https:\/\/asein.com\/comercializacion\/aviso-legal\/\" class=\"btn-link\">Read more<\/a><\/div>\n","protected":false},"author":1,"featured_media":0,"parent":0,"menu_order":0,"comment_status":"closed","ping_status":"closed","template":"template-elementor-default.php","meta":{"footnotes":""},"class_list":["post-2183","page","type-page","status-publish","hentry"],"_links":{"self":[{"href":"https:\/\/asein.com\/comercializacion\/wp-json\/wp\/v2\/pages\/2183","targetHints":{"allow":["GET"]}}],"collection":[{"href":"https:\/\/asein.com\/comercializacion\/wp-json\/wp\/v2\/pages"}],"about":[{"href":"https:\/\/asein.com\/comercializacion\/wp-json\/wp\/v2\/types\/page"}],"author":[{"embeddable":true,"href":"https:\/\/asein.com\/comercializacion\/wp-json\/wp\/v2\/users\/1"}],"replies":[{"embeddable":true,"href":"https:\/\/asein.com\/comercializacion\/wp-json\/wp\/v2\/comments?post=2183"}],"version-history":[{"count":13,"href":"https:\/\/asein.com\/comercializacion\/wp-json\/wp\/v2\/pages\/2183\/revisions"}],"predecessor-version":[{"id":2812,"href":"https:\/\/asein.com\/comercializacion\/wp-json\/wp\/v2\/pages\/2183\/revisions\/2812"}],"wp:attachment":[{"href":"https:\/\/asein.com\/comercializacion\/wp-json\/wp\/v2\/media?parent=2183"}],"curies":[{"name":"wp","href":"https:\/\/api.w.org\/{rel}","templated":true}]}}