{"id":1587,"date":"2024-04-10T11:09:59","date_gmt":"2024-04-10T11:09:59","guid":{"rendered":"http:\/\/asein.com\/export\/?page_id=1587"},"modified":"2025-06-04T12:52:13","modified_gmt":"2025-06-04T10:52:13","slug":"herramientas-electricas","status":"publish","type":"page","link":"https:\/\/asein.com\/export\/es\/productos\/escobillas-de-carbon\/herramientas-electricas\/","title":{"rendered":"Herramientas el\u00e9ctricas"},"content":{"rendered":"\t\t<div data-elementor-type=\"wp-page\" data-elementor-id=\"1587\" class=\"elementor elementor-1587\" data-elementor-settings=\"[]\">\n\t\t\t\t\t\t\t<div class=\"elementor-section-wrap\">\n\t\t\t\t\t\t\t<section class=\"elementor-section elementor-top-section elementor-element elementor-element-212a33e elementor-section-boxed elementor-section-height-default elementor-section-height-default\" data-id=\"212a33e\" data-element_type=\"section\">\n\t\t\t\t\t\t<div class=\"elementor-container elementor-column-gap-default\">\n\t\t\t\t\t<div class=\"elementor-column elementor-col-100 elementor-top-column elementor-element elementor-element-8f91e5b\" data-id=\"8f91e5b\" data-element_type=\"column\">\n\t\t\t<div class=\"elementor-widget-wrap elementor-element-populated\">\n\t\t\t\t\t\t\t\t<div class=\"elementor-element elementor-element-0ff38c2 elementor-widget elementor-widget-larson-heading\" data-id=\"0ff38c2\" data-element_type=\"widget\" data-widget_type=\"larson-heading.default\">\n\t\t\t\t<div class=\"elementor-widget-container\">\n\t\t\t\n\t\t<section class=\"webpage__about-heading about-block\">\n          <div class=\"about-block__inner container\">\n                        <header class=\"about-block__header\" data-aos=\"fade\">\n              <h2 class=\"about-block__heading heading\">\n              \t<span >\n\t\t\t\t\tEscobillas de carb\u00f3n para<br><span style=\"color: #ee3b33\"> herramientas el\u00e9ctricas<\/span>\t\t\t\t<\/span>\n              <\/h2>\n            <\/header>\n                      <\/div>\n        <\/section>\n\n\t\t\t\t<\/div>\n\t\t\t\t<\/div>\n\t\t\t\t\t<\/div>\n\t\t<\/div>\n\t\t\t\t\t\t\t<\/div>\n\t\t<\/section>\n\t\t\t\t<section class=\"elementor-section elementor-top-section elementor-element elementor-element-ac3b500 elementor-section-boxed elementor-section-height-default elementor-section-height-default\" data-id=\"ac3b500\" data-element_type=\"section\">\n\t\t\t\t\t\t<div class=\"elementor-container elementor-column-gap-default\">\n\t\t\t\t\t<div class=\"elementor-column elementor-col-100 elementor-top-column elementor-element elementor-element-5a8813d\" data-id=\"5a8813d\" data-element_type=\"column\">\n\t\t\t<div class=\"elementor-widget-wrap elementor-element-populated\">\n\t\t\t\t\t\t\t\t<section class=\"elementor-section elementor-inner-section elementor-element elementor-element-9371db7 elementor-section-boxed elementor-section-height-default elementor-section-height-default\" data-id=\"9371db7\" data-element_type=\"section\">\n\t\t\t\t\t\t<div class=\"elementor-container elementor-column-gap-default\">\n\t\t\t\t\t<div class=\"elementor-column elementor-col-50 elementor-inner-column elementor-element elementor-element-3d56166\" data-id=\"3d56166\" data-element_type=\"column\">\n\t\t\t<div class=\"elementor-widget-wrap elementor-element-populated\">\n\t\t\t\t\t\t\t\t<div class=\"elementor-element elementor-element-1ac19cf elementor-widget elementor-widget-larson-heading\" data-id=\"1ac19cf\" data-element_type=\"widget\" data-widget_type=\"larson-heading.default\">\n\t\t\t\t<div class=\"elementor-widget-container\">\n\t\t\t\n\t\t<section class=\"webpage__about-heading about-block\">\n          <div class=\"about-block__inner container\">\n                        <header class=\"about-block__header\" data-aos=\"fade\">\n              <h2 class=\"about-block__heading heading\">\n              \t<span >\n\t\t\t\t\tCat\u00e1logo actualizado\t\t\t\t<\/span>\n              <\/h2>\n            <\/header>\n                      <\/div>\n        <\/section>\n\n\t\t\t\t<\/div>\n\t\t\t\t<\/div>\n\t\t\t\t\t<\/div>\n\t\t<\/div>\n\t\t\t\t<div class=\"elementor-column elementor-col-50 elementor-inner-column elementor-element elementor-element-59b241e\" data-id=\"59b241e\" data-element_type=\"column\">\n\t\t\t<div class=\"elementor-widget-wrap elementor-element-populated\">\n\t\t\t\t\t\t\t\t<div class=\"elementor-element elementor-element-395c423 elementor-widget elementor-widget-text-editor\" data-id=\"395c423\" data-element_type=\"widget\" data-widget_type=\"text-editor.default\">\n\t\t\t\t<div class=\"elementor-widget-container\">\n\t\t\t\t\t\t\t<p>Nuevas escobillas cada a\u00f1o para ampliar la gama actual.<\/p>\t\t\t\t\t\t<\/div>\n\t\t\t\t<\/div>\n\t\t\t\t<div class=\"elementor-element elementor-element-ec0cb90 elementor-widget elementor-widget-image\" data-id=\"ec0cb90\" data-element_type=\"widget\" data-widget_type=\"image.default\">\n\t\t\t\t<div class=\"elementor-widget-container\">\n\t\t\t\t\t\t\t\t\t\t\t\t\t\t\t\t<a href=\"https:\/\/files.asein.com\/catalogos\/Catalogo_Escobillas.pdf\" target=\"_blank\">\n\t\t\t\t\t\t\t<img decoding=\"async\" src=\"https:\/\/asein.com\/export\/wp-content\/uploads\/sites\/3\/2025\/03\/catalogo-escobillas-2024-1.jpg\" title=\"catalogo-escobillas-2024\" alt=\"catalogo-escobillas-2024\" \/>\t\t\t\t\t\t\t\t<\/a>\n\t\t\t\t\t\t\t\t\t\t\t\t\t\t\t<\/div>\n\t\t\t\t<\/div>\n\t\t\t\t\t<\/div>\n\t\t<\/div>\n\t\t\t\t\t\t\t<\/div>\n\t\t<\/section>\n\t\t\t\t<section class=\"elementor-section elementor-inner-section elementor-element elementor-element-61635cc elementor-section-boxed elementor-section-height-default elementor-section-height-default\" data-id=\"61635cc\" data-element_type=\"section\">\n\t\t\t\t\t\t<div class=\"elementor-container elementor-column-gap-default\">\n\t\t\t\t\t<div class=\"elementor-column elementor-col-50 elementor-inner-column elementor-element elementor-element-1bafd56\" data-id=\"1bafd56\" data-element_type=\"column\">\n\t\t\t<div class=\"elementor-widget-wrap elementor-element-populated\">\n\t\t\t\t\t\t\t\t<div class=\"elementor-element elementor-element-9fcf67c elementor-widget elementor-widget-larson-heading\" data-id=\"9fcf67c\" data-element_type=\"widget\" data-widget_type=\"larson-heading.default\">\n\t\t\t\t<div class=\"elementor-widget-container\">\n\t\t\t\n\t\t<section class=\"webpage__about-heading about-block\">\n          <div class=\"about-block__inner container\">\n                        <header class=\"about-block__header\" data-aos=\"fade\">\n              <h2 class=\"about-block__heading heading\">\n              \t<span >\n\t\t\t\t\tEscobillas de carb\u00f3n con autoapagado\t\t\t\t<\/span>\n              <\/h2>\n            <\/header>\n                      <\/div>\n        <\/section>\n\n\t\t\t\t<\/div>\n\t\t\t\t<\/div>\n\t\t\t\t\t<\/div>\n\t\t<\/div>\n\t\t\t\t<div class=\"elementor-column elementor-col-50 elementor-inner-column elementor-element elementor-element-1820133\" data-id=\"1820133\" data-element_type=\"column\">\n\t\t\t<div class=\"elementor-widget-wrap elementor-element-populated\">\n\t\t\t\t\t\t\t\t<div class=\"elementor-element elementor-element-16c7452 elementor-widget elementor-widget-text-editor\" data-id=\"16c7452\" data-element_type=\"widget\" data-widget_type=\"text-editor.default\">\n\t\t\t\t<div class=\"elementor-widget-container\">\n\t\t\t\t\t\t\t<p>Nuestros c\u00f3digos que comienzan con el n\u00famero \u20181\u2019 incorporan un dispositivo especial que detiene la m\u00e1quina una vez que la escobilla de carb\u00f3n se ha desgastado por completo, evitando que el cable de la escobilla entre en contacto con el motor y da\u00f1e la herramienta.<\/p>\t\t\t\t\t\t<\/div>\n\t\t\t\t<\/div>\n\t\t\t\t<div class=\"elementor-element elementor-element-a1e1f35 elementor-widget elementor-widget-image\" data-id=\"a1e1f35\" data-element_type=\"widget\" data-widget_type=\"image.default\">\n\t\t\t\t<div class=\"elementor-widget-container\">\n\t\t\t\t\t\t\t\t\t\t\t\t\t\t\t\t<a href=\"https:\/\/files.asein.com\/catalogos\/Catalogo_Escobillas.pdf\" target=\"_blank\">\n\t\t\t\t\t\t\t<img decoding=\"async\" src=\"https:\/\/asein.com\/export\/wp-content\/uploads\/sites\/3\/2025\/06\/auto-stop-carbon-brushes.jpg\" title=\"auto-stop-carbon-brushes\" alt=\"auto-stop-carbon-brushes\" \/>\t\t\t\t\t\t\t\t<\/a>\n\t\t\t\t\t\t\t\t\t\t\t\t\t\t\t<\/div>\n\t\t\t\t<\/div>\n\t\t\t\t\t<\/div>\n\t\t<\/div>\n\t\t\t\t\t\t\t<\/div>\n\t\t<\/section>\n\t\t\t\t<section class=\"elementor-section elementor-inner-section elementor-element elementor-element-5dbd571 elementor-section-boxed elementor-section-height-default elementor-section-height-default\" data-id=\"5dbd571\" data-element_type=\"section\">\n\t\t\t\t\t\t<div class=\"elementor-container elementor-column-gap-default\">\n\t\t\t\t\t<div class=\"elementor-column elementor-col-50 elementor-inner-column elementor-element elementor-element-220a919\" data-id=\"220a919\" data-element_type=\"column\">\n\t\t\t<div class=\"elementor-widget-wrap elementor-element-populated\">\n\t\t\t\t\t\t\t\t<div class=\"elementor-element elementor-element-856203f elementor-widget elementor-widget-larson-heading\" data-id=\"856203f\" data-element_type=\"widget\" data-widget_type=\"larson-heading.default\">\n\t\t\t\t<div class=\"elementor-widget-container\">\n\t\t\t\n\t\t<section class=\"webpage__about-heading about-block\">\n          <div class=\"about-block__inner container\">\n                        <header class=\"about-block__header\" data-aos=\"fade\">\n              <h2 class=\"about-block__heading heading\">\n              \t<span >\n\t\t\t\t\tEmbalaje\t\t\t\t<\/span>\n              <\/h2>\n            <\/header>\n                      <\/div>\n        <\/section>\n\n\t\t\t\t<\/div>\n\t\t\t\t<\/div>\n\t\t\t\t\t<\/div>\n\t\t<\/div>\n\t\t\t\t<div class=\"elementor-column elementor-col-50 elementor-inner-column elementor-element elementor-element-fe8856b\" data-id=\"fe8856b\" data-element_type=\"column\">\n\t\t\t<div class=\"elementor-widget-wrap elementor-element-populated\">\n\t\t\t\t\t\t\t\t<div class=\"elementor-element elementor-element-388dec8 elementor-widget elementor-widget-text-editor\" data-id=\"388dec8\" data-element_type=\"widget\" data-widget_type=\"text-editor.default\">\n\t\t\t\t<div class=\"elementor-widget-container\">\n\t\t\t\t\t\t\t<p><strong>Las escobillas de carb\u00f3n Asein se empaquetan en pares y luego se organizan en cajas de 10 pares.<\/strong><br \/>El c\u00f3digo de barras facilita el almacenamiento por parte de nuestros clientes. El n\u00famero de lote permite rastrear el producto hasta el momento de su fabricaci\u00f3n, lo que ayuda a detectar r\u00e1pidamente cualquier problema de calidad.<br \/>El origen\u00a0<em>Made in Spain<\/em>\u00a0est\u00e1 marcado en el envase para resaltar su procedencia europea.<br \/>Es posible personalizar el embalaje (a\u00f1adiendo el logotipo del cliente, etc.).<\/p>\t\t\t\t\t\t<\/div>\n\t\t\t\t<\/div>\n\t\t\t\t<div class=\"elementor-element elementor-element-a09262d elementor-widget elementor-widget-image-gallery\" data-id=\"a09262d\" data-element_type=\"widget\" data-widget_type=\"image-gallery.default\">\n\t\t\t\t<div class=\"elementor-widget-container\">\n\t\t\t\t\t<div class=\"elementor-image-gallery\">\n\t\t\t<div id='gallery-1' class='gallery galleryid-1587 gallery-columns-2 gallery-size-medium'><figure class='gallery-item'>\n\t\t\t<div class='gallery-icon portrait'>\n\t\t\t\t<img loading=\"lazy\" decoding=\"async\" width=\"274\" height=\"300\" src=\"https:\/\/asein.com\/export\/wp-content\/uploads\/sites\/3\/2025\/06\/package-01-274x300.jpg\" class=\"attachment-medium size-medium\" alt=\"\" srcset=\"https:\/\/asein.com\/export\/wp-content\/uploads\/sites\/3\/2025\/06\/package-01-274x300.jpg 274w, https:\/\/asein.com\/export\/wp-content\/uploads\/sites\/3\/2025\/06\/package-01-768x840.jpg 768w, https:\/\/asein.com\/export\/wp-content\/uploads\/sites\/3\/2025\/06\/package-01.jpg 770w\" sizes=\"auto, (max-width: 274px) 100vw, 274px\" \/>\n\t\t\t<\/div><\/figure><figure class='gallery-item'>\n\t\t\t<div class='gallery-icon portrait'>\n\t\t\t\t<img loading=\"lazy\" decoding=\"async\" width=\"212\" height=\"300\" src=\"https:\/\/asein.com\/export\/wp-content\/uploads\/sites\/3\/2025\/06\/package-02-212x300.jpg\" class=\"attachment-medium size-medium\" alt=\"\" srcset=\"https:\/\/asein.com\/export\/wp-content\/uploads\/sites\/3\/2025\/06\/package-02-212x300.jpg 212w, https:\/\/asein.com\/export\/wp-content\/uploads\/sites\/3\/2025\/06\/package-02-724x1024.jpg 724w, https:\/\/asein.com\/export\/wp-content\/uploads\/sites\/3\/2025\/06\/package-02.jpg 740w\" sizes=\"auto, (max-width: 212px) 100vw, 212px\" \/>\n\t\t\t<\/div><\/figure>\n\t\t<\/div>\n\t\t<\/div>\n\t\t\t\t<\/div>\n\t\t\t\t<\/div>\n\t\t\t\t\t<\/div>\n\t\t<\/div>\n\t\t\t\t\t\t\t<\/div>\n\t\t<\/section>\n\t\t\t\t<section class=\"elementor-section elementor-inner-section elementor-element elementor-element-a3299ef elementor-section-boxed elementor-section-height-default elementor-section-height-default\" data-id=\"a3299ef\" data-element_type=\"section\">\n\t\t\t\t\t\t<div class=\"elementor-container elementor-column-gap-default\">\n\t\t\t\t\t<div class=\"elementor-column elementor-col-50 elementor-inner-column elementor-element elementor-element-7abcd4c\" data-id=\"7abcd4c\" data-element_type=\"column\">\n\t\t\t<div class=\"elementor-widget-wrap elementor-element-populated\">\n\t\t\t\t\t\t\t\t<div class=\"elementor-element elementor-element-799c634 elementor-widget elementor-widget-larson-heading\" data-id=\"799c634\" data-element_type=\"widget\" data-widget_type=\"larson-heading.default\">\n\t\t\t\t<div class=\"elementor-widget-container\">\n\t\t\t\n\t\t<section class=\"webpage__about-heading about-block\">\n          <div class=\"about-block__inner container\">\n                        <header class=\"about-block__header\" data-aos=\"fade\">\n              <h2 class=\"about-block__heading heading\">\n              \t<span >\n\t\t\t\t\tMotor de b\u00fasqueda\t\t\t\t<\/span>\n              <\/h2>\n            <\/header>\n                      <\/div>\n        <\/section>\n\n\t\t\t\t<\/div>\n\t\t\t\t<\/div>\n\t\t\t\t\t<\/div>\n\t\t<\/div>\n\t\t\t\t<div class=\"elementor-column elementor-col-50 elementor-inner-column elementor-element elementor-element-5539e4a\" data-id=\"5539e4a\" data-element_type=\"column\">\n\t\t\t<div class=\"elementor-widget-wrap elementor-element-populated\">\n\t\t\t\t\t\t\t\t<div class=\"elementor-element elementor-element-44f850d elementor-widget elementor-widget-text-editor\" data-id=\"44f850d\" data-element_type=\"widget\" data-widget_type=\"text-editor.default\">\n\t\t\t\t<div class=\"elementor-widget-container\">\n\t\t\t\t\t\t\t<p>B\u00fasqueda de motores disponible en nuestra p\u00e1gina web para buscar por dimensiones, referencia de escobilla o modelo de herramienta.<\/p>\t\t\t\t\t\t<\/div>\n\t\t\t\t<\/div>\n\t\t\t\t\t<\/div>\n\t\t<\/div>\n\t\t\t\t\t\t\t<\/div>\n\t\t<\/section>\n\t\t\t\t\t<\/div>\n\t\t<\/div>\n\t\t\t\t\t\t\t<\/div>\n\t\t<\/section>\n\t\t\t\t\t\t<\/div>\n\t\t\t\t\t<\/div>\n\t\t","protected":false},"excerpt":{"rendered":"<p>Escobillas de carb\u00f3n para herramientas el\u00e9ctricas Cat\u00e1logo actualizado Nuevas escobillas cada a\u00f1o para ampliar la gama actual. Escobillas de carb\u00f3n con autoapagado Nuestros c\u00f3digos que comienzan con el n\u00famero \u20181\u2019 incorporan un dispositivo especial que detiene la m\u00e1quina una vez que la escobilla de carb\u00f3n se ha desgastado por completo,&#8230; <\/p>\n<div class=\"readmore\"><a href=\"https:\/\/asein.com\/export\/es\/productos\/escobillas-de-carbon\/herramientas-electricas\/\" class=\"btn-link\">Read more<\/a><\/div>\n","protected":false},"author":1,"featured_media":0,"parent":1574,"menu_order":1,"comment_status":"closed","ping_status":"closed","template":"template-elementor-default.php","meta":{"footnotes":""},"class_list":["post-1587","page","type-page","status-publish","hentry"],"_links":{"self":[{"href":"https:\/\/asein.com\/export\/es\/wp-json\/wp\/v2\/pages\/1587","targetHints":{"allow":["GET"]}}],"collection":[{"href":"https:\/\/asein.com\/export\/es\/wp-json\/wp\/v2\/pages"}],"about":[{"href":"https:\/\/asein.com\/export\/es\/wp-json\/wp\/v2\/types\/page"}],"author":[{"embeddable":true,"href":"https:\/\/asein.com\/export\/es\/wp-json\/wp\/v2\/users\/1"}],"replies":[{"embeddable":true,"href":"https:\/\/asein.com\/export\/es\/wp-json\/wp\/v2\/comments?post=1587"}],"version-history":[{"count":50,"href":"https:\/\/asein.com\/export\/es\/wp-json\/wp\/v2\/pages\/1587\/revisions"}],"predecessor-version":[{"id":2192,"href":"https:\/\/asein.com\/export\/es\/wp-json\/wp\/v2\/pages\/1587\/revisions\/2192"}],"up":[{"embeddable":true,"href":"https:\/\/asein.com\/export\/es\/wp-json\/wp\/v2\/pages\/1574"}],"wp:attachment":[{"href":"https:\/\/asein.com\/export\/es\/wp-json\/wp\/v2\/media?parent=1587"}],"curies":[{"name":"wp","href":"https:\/\/api.w.org\/{rel}","templated":true}]}}