{"id":1593,"date":"2024-04-10T11:09:59","date_gmt":"2024-04-10T11:09:59","guid":{"rendered":"http:\/\/asein.com\/export\/?page_id=1593"},"modified":"2025-05-28T15:28:06","modified_gmt":"2025-05-28T15:28:06","slug":"aluminio-de-extrusion","status":"publish","type":"page","link":"https:\/\/asein.com\/export\/es\/productos\/otros-grafitos\/aluminio-de-extrusion\/","title":{"rendered":"Aluminio de extrusi\u00f3n"},"content":{"rendered":"\t\t<div data-elementor-type=\"wp-page\" data-elementor-id=\"1593\" class=\"elementor elementor-1593\" data-elementor-settings=\"[]\">\n\t\t\t\t\t\t\t<div class=\"elementor-section-wrap\">\n\t\t\t\t\t\t\t<section class=\"elementor-section elementor-top-section elementor-element elementor-element-58978cb elementor-section-boxed elementor-section-height-default elementor-section-height-default\" data-id=\"58978cb\" data-element_type=\"section\">\n\t\t\t\t\t\t<div class=\"elementor-container elementor-column-gap-default\">\n\t\t\t\t\t<div class=\"elementor-column elementor-col-100 elementor-top-column elementor-element elementor-element-423ca95\" data-id=\"423ca95\" data-element_type=\"column\">\n\t\t\t<div class=\"elementor-widget-wrap elementor-element-populated\">\n\t\t\t\t\t\t\t\t<div class=\"elementor-element elementor-element-23efce7 elementor-widget elementor-widget-larson-heading\" data-id=\"23efce7\" data-element_type=\"widget\" data-widget_type=\"larson-heading.default\">\n\t\t\t\t<div class=\"elementor-widget-container\">\n\t\t\t\n\t\t<section class=\"webpage__about-heading about-block\">\n          <div class=\"about-block__inner container\">\n                        <header class=\"about-block__header\" data-aos=\"fade\">\n              <h2 class=\"about-block__heading heading\">\n              \t<span >\n\t\t\t\t\tBloques de grafito para la<br>\n<span style=\"color: #ee3b33\"> extrusi\u00f3n de aluminio<\/span>\t\t\t\t<\/span>\n              <\/h2>\n            <\/header>\n                      <\/div>\n        <\/section>\n\n\t\t\t\t<\/div>\n\t\t\t\t<\/div>\n\t\t\t\t<section class=\"elementor-section elementor-inner-section elementor-element elementor-element-9064408 elementor-section-boxed elementor-section-height-default elementor-section-height-default\" data-id=\"9064408\" data-element_type=\"section\">\n\t\t\t\t\t\t<div class=\"elementor-container elementor-column-gap-default\">\n\t\t\t\t\t<div class=\"elementor-column elementor-col-50 elementor-inner-column elementor-element elementor-element-59487d6\" data-id=\"59487d6\" data-element_type=\"column\">\n\t\t\t<div class=\"elementor-widget-wrap elementor-element-populated\">\n\t\t\t\t\t\t\t\t<div class=\"elementor-element elementor-element-0118db9 elementor-widget elementor-widget-image\" data-id=\"0118db9\" data-element_type=\"widget\" data-widget_type=\"image.default\">\n\t\t\t\t<div class=\"elementor-widget-container\">\n\t\t\t\t\t\t\t\t\t\t\t\t\t\t\t<img loading=\"lazy\" decoding=\"async\" width=\"766\" height=\"1024\" src=\"https:\/\/asein.com\/export\/wp-content\/uploads\/sites\/3\/2025\/05\/aluminio-extrusion-766x1024.jpg\" class=\"attachment-large size-large\" alt=\"\" srcset=\"https:\/\/asein.com\/export\/wp-content\/uploads\/sites\/3\/2025\/05\/aluminio-extrusion-766x1024.jpg 766w, https:\/\/asein.com\/export\/wp-content\/uploads\/sites\/3\/2025\/05\/aluminio-extrusion-224x300.jpg 224w, https:\/\/asein.com\/export\/wp-content\/uploads\/sites\/3\/2025\/05\/aluminio-extrusion-768x1026.jpg 768w, https:\/\/asein.com\/export\/wp-content\/uploads\/sites\/3\/2025\/05\/aluminio-extrusion.jpg 880w\" sizes=\"auto, (max-width: 766px) 100vw, 766px\" \/>\t\t\t\t\t\t\t\t\t\t\t\t\t\t\t<\/div>\n\t\t\t\t<\/div>\n\t\t\t\t\t<\/div>\n\t\t<\/div>\n\t\t\t\t<div class=\"elementor-column elementor-col-50 elementor-inner-column elementor-element elementor-element-4b35a10\" data-id=\"4b35a10\" data-element_type=\"column\">\n\t\t\t<div class=\"elementor-widget-wrap elementor-element-populated\">\n\t\t\t\t\t\t\t\t<div class=\"elementor-element elementor-element-dc39e0c elementor-widget elementor-widget-text-editor\" data-id=\"dc39e0c\" data-element_type=\"widget\" data-widget_type=\"text-editor.default\">\n\t\t\t\t<div class=\"elementor-widget-container\">\n\t\t\t\t\t\t\t<p><strong>Asein fabrica otro tipo de grafito, utilizado para la extrusi\u00f3n de aluminio.<br \/><\/strong>Estos bloques suelen colocarse al final de la prensa de extrusi\u00f3n, o bien son barras de grafito que separan los perfiles de aluminio. Solo necesitamos las medidas de la pieza y la cantidad para poder ofrecer una propuesta y proceder a la fabricaci\u00f3n.<\/p>\t\t\t\t\t\t<\/div>\n\t\t\t\t<\/div>\n\t\t\t\t\t<\/div>\n\t\t<\/div>\n\t\t\t\t\t\t\t<\/div>\n\t\t<\/section>\n\t\t\t\t\t<\/div>\n\t\t<\/div>\n\t\t\t\t\t\t\t<\/div>\n\t\t<\/section>\n\t\t\t\t\t\t<\/div>\n\t\t\t\t\t<\/div>\n\t\t","protected":false},"excerpt":{"rendered":"<p>Bloques de grafito para la extrusi\u00f3n de aluminio Asein fabrica otro tipo de grafito, utilizado para la extrusi\u00f3n de aluminio.Estos bloques suelen colocarse al final de la prensa de extrusi\u00f3n, o bien son barras de grafito que separan los perfiles de aluminio. Solo necesitamos las medidas de la pieza y&#8230; <\/p>\n<div class=\"readmore\"><a href=\"https:\/\/asein.com\/export\/es\/productos\/otros-grafitos\/aluminio-de-extrusion\/\" class=\"btn-link\">Read more<\/a><\/div>\n","protected":false},"author":1,"featured_media":0,"parent":1578,"menu_order":1,"comment_status":"closed","ping_status":"closed","template":"template-elementor-default.php","meta":{"footnotes":""},"class_list":["post-1593","page","type-page","status-publish","hentry"],"_links":{"self":[{"href":"https:\/\/asein.com\/export\/es\/wp-json\/wp\/v2\/pages\/1593","targetHints":{"allow":["GET"]}}],"collection":[{"href":"https:\/\/asein.com\/export\/es\/wp-json\/wp\/v2\/pages"}],"about":[{"href":"https:\/\/asein.com\/export\/es\/wp-json\/wp\/v2\/types\/page"}],"author":[{"embeddable":true,"href":"https:\/\/asein.com\/export\/es\/wp-json\/wp\/v2\/users\/1"}],"replies":[{"embeddable":true,"href":"https:\/\/asein.com\/export\/es\/wp-json\/wp\/v2\/comments?post=1593"}],"version-history":[{"count":11,"href":"https:\/\/asein.com\/export\/es\/wp-json\/wp\/v2\/pages\/1593\/revisions"}],"predecessor-version":[{"id":1943,"href":"https:\/\/asein.com\/export\/es\/wp-json\/wp\/v2\/pages\/1593\/revisions\/1943"}],"up":[{"embeddable":true,"href":"https:\/\/asein.com\/export\/es\/wp-json\/wp\/v2\/pages\/1578"}],"wp:attachment":[{"href":"https:\/\/asein.com\/export\/es\/wp-json\/wp\/v2\/media?parent=1593"}],"curies":[{"name":"wp","href":"https:\/\/api.w.org\/{rel}","templated":true}]}}