{"id":1816,"date":"2025-05-28T10:15:06","date_gmt":"2025-05-28T10:15:06","guid":{"rendered":"https:\/\/asein.com\/export\/?page_id=1816"},"modified":"2025-06-04T12:55:34","modified_gmt":"2025-06-04T10:55:34","slug":"industria","status":"publish","type":"page","link":"https:\/\/asein.com\/export\/es\/productos\/escobillas-de-carbon\/industria\/","title":{"rendered":"Industria"},"content":{"rendered":"\t\t<div data-elementor-type=\"wp-page\" data-elementor-id=\"1816\" class=\"elementor elementor-1816\" data-elementor-settings=\"[]\">\n\t\t\t\t\t\t\t<div class=\"elementor-section-wrap\">\n\t\t\t\t\t\t\t<section class=\"elementor-section elementor-top-section elementor-element elementor-element-212a33e elementor-section-boxed elementor-section-height-default elementor-section-height-default\" data-id=\"212a33e\" data-element_type=\"section\">\n\t\t\t\t\t\t<div class=\"elementor-container elementor-column-gap-default\">\n\t\t\t\t\t<div class=\"elementor-column elementor-col-100 elementor-top-column elementor-element elementor-element-8f91e5b\" data-id=\"8f91e5b\" data-element_type=\"column\">\n\t\t\t<div class=\"elementor-widget-wrap elementor-element-populated\">\n\t\t\t\t\t\t\t\t<div class=\"elementor-element elementor-element-0ff38c2 elementor-widget elementor-widget-larson-heading\" data-id=\"0ff38c2\" data-element_type=\"widget\" data-widget_type=\"larson-heading.default\">\n\t\t\t\t<div class=\"elementor-widget-container\">\n\t\t\t\n\t\t<section class=\"webpage__about-heading about-block\">\n          <div class=\"about-block__inner container\">\n                        <header class=\"about-block__header\" data-aos=\"fade\">\n              <h2 class=\"about-block__heading heading\">\n              \t<span >\n\t\t\t\t\t<p>Escobillas de carb\u00f3n para la<br><span style=\"color: #ee3b33\">Industria<\/span><\/p>\t\t\t\t<\/span>\n              <\/h2>\n            <\/header>\n                      <\/div>\n        <\/section>\n\n\t\t\t\t<\/div>\n\t\t\t\t<\/div>\n\t\t\t\t\t<\/div>\n\t\t<\/div>\n\t\t\t\t\t\t\t<\/div>\n\t\t<\/section>\n\t\t\t\t<section class=\"elementor-section elementor-top-section elementor-element elementor-element-ac3b500 elementor-section-boxed elementor-section-height-default elementor-section-height-default\" data-id=\"ac3b500\" data-element_type=\"section\">\n\t\t\t\t\t\t<div class=\"elementor-container elementor-column-gap-default\">\n\t\t\t\t\t<div class=\"elementor-column elementor-col-100 elementor-top-column elementor-element elementor-element-5a8813d\" data-id=\"5a8813d\" data-element_type=\"column\">\n\t\t\t<div class=\"elementor-widget-wrap elementor-element-populated\">\n\t\t\t\t\t\t\t\t<section class=\"elementor-section elementor-inner-section elementor-element elementor-element-9371db7 elementor-section-boxed elementor-section-height-default elementor-section-height-default\" data-id=\"9371db7\" data-element_type=\"section\">\n\t\t\t\t\t\t<div class=\"elementor-container elementor-column-gap-default\">\n\t\t\t\t\t<div class=\"elementor-column elementor-col-50 elementor-inner-column elementor-element elementor-element-3d56166\" data-id=\"3d56166\" data-element_type=\"column\">\n\t\t\t<div class=\"elementor-widget-wrap elementor-element-populated\">\n\t\t\t\t\t\t\t\t<div class=\"elementor-element elementor-element-1ac19cf elementor-widget elementor-widget-larson-heading\" data-id=\"1ac19cf\" data-element_type=\"widget\" data-widget_type=\"larson-heading.default\">\n\t\t\t\t<div class=\"elementor-widget-container\">\n\t\t\t\n\t\t<section class=\"webpage__about-heading about-block\">\n          <div class=\"about-block__inner container\">\n                        <header class=\"about-block__header\" data-aos=\"fade\">\n              <h2 class=\"about-block__heading heading\">\n              \t<span >\n\t\t\t\t\tMotores de corriente continua\t\t\t\t<\/span>\n              <\/h2>\n            <\/header>\n                      <\/div>\n        <\/section>\n\n\t\t\t\t<\/div>\n\t\t\t\t<\/div>\n\t\t\t\t\t<\/div>\n\t\t<\/div>\n\t\t\t\t<div class=\"elementor-column elementor-col-50 elementor-inner-column elementor-element elementor-element-59b241e\" data-id=\"59b241e\" data-element_type=\"column\">\n\t\t\t<div class=\"elementor-widget-wrap elementor-element-populated\">\n\t\t\t\t\t\t\t\t<div class=\"elementor-element elementor-element-395c423 elementor-widget elementor-widget-text-editor\" data-id=\"395c423\" data-element_type=\"widget\" data-widget_type=\"text-editor.default\">\n\t\t\t\t<div class=\"elementor-widget-container\">\n\t\t\t\t\t\t\t<p><strong>Escobillas de carb\u00f3n utilizadas en motores de corriente continua (DC).<\/strong><br \/>Podemos fabricarlas a medida seg\u00fan un plano o una muestra. El grado de la escobilla se determina a partir del c\u00f3digo de otro fabricante o mediante la descripci\u00f3n el\u00e9ctrica del motor.<\/p>\t\t\t\t\t\t<\/div>\n\t\t\t\t<\/div>\n\t\t\t\t<div class=\"elementor-element elementor-element-53b9d39 elementor-widget elementor-widget-image\" data-id=\"53b9d39\" data-element_type=\"widget\" data-widget_type=\"image.default\">\n\t\t\t\t<div class=\"elementor-widget-container\">\n\t\t\t\t\t\t\t\t\t\t\t\t\t\t\t<img loading=\"lazy\" decoding=\"async\" width=\"768\" height=\"729\" src=\"https:\/\/asein.com\/export\/wp-content\/uploads\/sites\/3\/2025\/05\/Carbon-brushes-for-Industry-e1749034525236-768x729.jpg\" class=\"attachment-medium_large size-medium_large\" alt=\"\" srcset=\"https:\/\/asein.com\/export\/wp-content\/uploads\/sites\/3\/2025\/05\/Carbon-brushes-for-Industry-e1749034525236-768x729.jpg 768w, https:\/\/asein.com\/export\/wp-content\/uploads\/sites\/3\/2025\/05\/Carbon-brushes-for-Industry-e1749034525236-300x285.jpg 300w, https:\/\/asein.com\/export\/wp-content\/uploads\/sites\/3\/2025\/05\/Carbon-brushes-for-Industry-e1749034525236-900x855.jpg 900w, https:\/\/asein.com\/export\/wp-content\/uploads\/sites\/3\/2025\/05\/Carbon-brushes-for-Industry-e1749034525236.jpg 910w\" sizes=\"auto, (max-width: 768px) 100vw, 768px\" \/>\t\t\t\t\t\t\t\t\t\t\t\t\t\t\t<\/div>\n\t\t\t\t<\/div>\n\t\t\t\t\t<\/div>\n\t\t<\/div>\n\t\t\t\t\t\t\t<\/div>\n\t\t<\/section>\n\t\t\t\t\t<\/div>\n\t\t<\/div>\n\t\t\t\t\t\t\t<\/div>\n\t\t<\/section>\n\t\t\t\t\t\t<\/div>\n\t\t\t\t\t<\/div>\n\t\t","protected":false},"excerpt":{"rendered":"<p>Escobillas de carb\u00f3n para laIndustria Motores de corriente continua Escobillas de carb\u00f3n utilizadas en motores de corriente continua (DC).Podemos fabricarlas a medida seg\u00fan un plano o una muestra. El grado de la escobilla se determina a partir del c\u00f3digo de otro fabricante o mediante la descripci\u00f3n el\u00e9ctrica del motor.<\/p>\n","protected":false},"author":1,"featured_media":0,"parent":1574,"menu_order":2,"comment_status":"closed","ping_status":"closed","template":"template-elementor-default.php","meta":{"footnotes":""},"class_list":["post-1816","page","type-page","status-publish","hentry"],"_links":{"self":[{"href":"https:\/\/asein.com\/export\/es\/wp-json\/wp\/v2\/pages\/1816","targetHints":{"allow":["GET"]}}],"collection":[{"href":"https:\/\/asein.com\/export\/es\/wp-json\/wp\/v2\/pages"}],"about":[{"href":"https:\/\/asein.com\/export\/es\/wp-json\/wp\/v2\/types\/page"}],"author":[{"embeddable":true,"href":"https:\/\/asein.com\/export\/es\/wp-json\/wp\/v2\/users\/1"}],"replies":[{"embeddable":true,"href":"https:\/\/asein.com\/export\/es\/wp-json\/wp\/v2\/comments?post=1816"}],"version-history":[{"count":14,"href":"https:\/\/asein.com\/export\/es\/wp-json\/wp\/v2\/pages\/1816\/revisions"}],"predecessor-version":[{"id":2198,"href":"https:\/\/asein.com\/export\/es\/wp-json\/wp\/v2\/pages\/1816\/revisions\/2198"}],"up":[{"embeddable":true,"href":"https:\/\/asein.com\/export\/es\/wp-json\/wp\/v2\/pages\/1574"}],"wp:attachment":[{"href":"https:\/\/asein.com\/export\/es\/wp-json\/wp\/v2\/media?parent=1816"}],"curies":[{"name":"wp","href":"https:\/\/api.w.org\/{rel}","templated":true}]}}