{"id":1517,"date":"2021-05-25T11:36:02","date_gmt":"2021-05-25T11:36:02","guid":{"rendered":"http:\/\/asein.com\/industrial\/home\/"},"modified":"2023-02-02T15:21:51","modified_gmt":"2023-02-02T15:21:51","slug":"home","status":"publish","type":"page","link":"https:\/\/asein.com\/industrial\/","title":{"rendered":"Home"},"content":{"rendered":"\t\t<div data-elementor-type=\"wp-page\" data-elementor-id=\"1517\" class=\"elementor elementor-1517\" data-elementor-settings=\"[]\">\n\t\t\t\t\t\t\t<div class=\"elementor-section-wrap\">\n\t\t\t\t\t\t\t<section class=\"elementor-section elementor-top-section elementor-element elementor-element-130431da elementor-section-full_width elementor-section-height-default elementor-section-height-default\" data-id=\"130431da\" data-element_type=\"section\">\n\t\t\t\t\t\t<div class=\"elementor-container elementor-column-gap-no\">\n\t\t\t\t\t<div class=\"elementor-column elementor-col-100 elementor-top-column elementor-element elementor-element-76d8596\" data-id=\"76d8596\" data-element_type=\"column\">\n\t\t\t<div class=\"elementor-widget-wrap elementor-element-populated\">\n\t\t\t\t\t\t\t\t<div class=\"elementor-element elementor-element-7b658c2 elementor-skin-slideshow elementor-aspect-ratio-219 elementor-arrows-yes elementor-widget elementor-widget-media-carousel\" data-id=\"7b658c2\" data-element_type=\"widget\" data-settings=\"{&quot;skin&quot;:&quot;slideshow&quot;,&quot;effect&quot;:&quot;slide&quot;,&quot;show_arrows&quot;:&quot;yes&quot;,&quot;speed&quot;:500,&quot;autoplay&quot;:&quot;yes&quot;,&quot;autoplay_speed&quot;:5000,&quot;loop&quot;:&quot;yes&quot;,&quot;pause_on_hover&quot;:&quot;yes&quot;,&quot;pause_on_interaction&quot;:&quot;yes&quot;,&quot;space_between&quot;:{&quot;unit&quot;:&quot;px&quot;,&quot;size&quot;:10,&quot;sizes&quot;:[]},&quot;space_between_tablet&quot;:{&quot;unit&quot;:&quot;px&quot;,&quot;size&quot;:10,&quot;sizes&quot;:[]},&quot;space_between_mobile&quot;:{&quot;unit&quot;:&quot;px&quot;,&quot;size&quot;:10,&quot;sizes&quot;:[]}}\" data-widget_type=\"media-carousel.default\">\n\t\t\t\t<div class=\"elementor-widget-container\">\n\t\t\t\t\t<div class=\"elementor-swiper\">\r\n\t\t\t<div class=\"elementor-main-swiper swiper-container\">\r\n\t\t\t\t<div class=\"swiper-wrapper\">\r\n\t\t\t\t\t\t\t\t\t\t\t<div class=\"swiper-slide\">\r\n\t\t\t\t\t\t\t\t\t<div class=\"elementor-carousel-image\" style=\"background-image: url(https:\/\/asein.com\/industrial\/wp-content\/uploads\/sites\/4\/2022\/11\/slider-industrial-01.jpg)\">\r\n\t\t\t\t\t<\/div>\r\n\t\t\t\t\t\t\t\t<\/div>\r\n\t\t\t\t\t\t\t\t\t<\/div>\r\n\t\t\t\t\t\t\t<\/div>\r\n\t\t<\/div>\r\n\t\t\t\t<\/div>\n\t\t\t\t<\/div>\n\t\t\t\t\t<\/div>\n\t\t<\/div>\n\t\t\t\t\t\t\t<\/div>\n\t\t<\/section>\n\t\t\t\t<section class=\"elementor-section elementor-top-section elementor-element elementor-element-03f5c0c elementor-section-boxed elementor-section-height-default elementor-section-height-default\" data-id=\"03f5c0c\" data-element_type=\"section\">\n\t\t\t\t\t\t<div class=\"elementor-container elementor-column-gap-default\">\n\t\t\t\t\t<div class=\"elementor-column elementor-col-100 elementor-top-column elementor-element elementor-element-cfc791a\" data-id=\"cfc791a\" data-element_type=\"column\">\n\t\t\t<div class=\"elementor-widget-wrap elementor-element-populated\">\n\t\t\t\t\t\t\t\t<div class=\"elementor-element elementor-element-2612c1b elementor-widget elementor-widget-text-editor\" data-id=\"2612c1b\" data-element_type=\"widget\" data-widget_type=\"text-editor.default\">\n\t\t\t\t<div class=\"elementor-widget-container\">\n\t\t\t\t\t\t\t<p><strong>La constante b\u00fasqueda de la excelencia<\/strong>&nbsp;lleva a Asein a crear un centro log\u00edstico totalmente&nbsp;robotizado con una superficie superior a 3.000 m2 para garantizar la eficiencia en el&nbsp;servicio a los clientes. El proceso inform\u00e1tico de gesti\u00f3n del Almac\u00e9n realiza inventarios&nbsp;continuos del material atendiendo a criterios log\u00edsticos y trazabilidad.&nbsp;Las mejores agencias de transporte colaboran diariamente con Asein para lograr un&nbsp;servicio de entrega sin incidencias.<\/p>\n<p>La inversi\u00f3n en tecnolog\u00eda y los mejores colaboradores (proveedores de materiales y&nbsp;servicios ) definen una clara estrategia de orientaci\u00f3n y satisfacci\u00f3n al cliente.<\/p>\n<p>Nuestro aspecto diferenciador es que ofrecemos siempre la mejor soluci\u00f3n uniendo&nbsp;eficacia, eficiencia y calidad.<\/p>\t\t\t\t\t\t<\/div>\n\t\t\t\t<\/div>\n\t\t\t\t\t<\/div>\n\t\t<\/div>\n\t\t\t\t\t\t\t<\/div>\n\t\t<\/section>\n\t\t\t\t<section class=\"elementor-section elementor-top-section elementor-element elementor-element-c9b9e0e elementor-section-boxed elementor-section-height-default elementor-section-height-default\" data-id=\"c9b9e0e\" data-element_type=\"section\">\n\t\t\t\t\t\t<div class=\"elementor-container elementor-column-gap-default\">\n\t\t\t\t\t<div class=\"elementor-column elementor-col-50 elementor-top-column elementor-element elementor-element-e445d3c\" data-id=\"e445d3c\" data-element_type=\"column\">\n\t\t\t<div class=\"elementor-widget-wrap elementor-element-populated\">\n\t\t\t\t\t\t\t\t<div class=\"elementor-element elementor-element-7b4639f elementor-widget elementor-widget-image\" data-id=\"7b4639f\" data-element_type=\"widget\" data-widget_type=\"image.default\">\n\t\t\t\t<div class=\"elementor-widget-container\">\n\t\t\t\t\t\t\t\t\t\t\t\t\t\t\t<img decoding=\"async\" src=\"http:\/\/asein.com\/comercializacion\/wp-content\/uploads\/sites\/2\/2021\/10\/img-comercializacion-01.jpg\" title=\"\" alt=\"\" \/>\t\t\t\t\t\t\t\t\t\t\t\t\t\t\t<\/div>\n\t\t\t\t<\/div>\n\t\t\t\t\t<\/div>\n\t\t<\/div>\n\t\t\t\t<div class=\"elementor-column elementor-col-50 elementor-top-column elementor-element elementor-element-26073c1\" data-id=\"26073c1\" data-element_type=\"column\">\n\t\t\t<div class=\"elementor-widget-wrap elementor-element-populated\">\n\t\t\t\t\t\t\t\t<div class=\"elementor-element elementor-element-d54e851 elementor-widget elementor-widget-image\" data-id=\"d54e851\" data-element_type=\"widget\" data-widget_type=\"image.default\">\n\t\t\t\t<div class=\"elementor-widget-container\">\n\t\t\t\t\t\t\t\t\t\t\t\t\t\t\t<img decoding=\"async\" src=\"http:\/\/asein.com\/comercializacion\/wp-content\/uploads\/sites\/2\/2021\/10\/slider-comercializacion-02.jpg\" title=\"\" alt=\"\" \/>\t\t\t\t\t\t\t\t\t\t\t\t\t\t\t<\/div>\n\t\t\t\t<\/div>\n\t\t\t\t<div class=\"elementor-element elementor-element-9d12486 elementor-widget elementor-widget-image\" data-id=\"9d12486\" data-element_type=\"widget\" data-widget_type=\"image.default\">\n\t\t\t\t<div class=\"elementor-widget-container\">\n\t\t\t\t\t\t\t\t\t\t\t\t\t\t\t<img decoding=\"async\" src=\"http:\/\/asein.com\/comercializacion\/wp-content\/uploads\/sites\/2\/2021\/10\/slider-comercializacion-03.jpg\" title=\"\" alt=\"\" \/>\t\t\t\t\t\t\t\t\t\t\t\t\t\t\t<\/div>\n\t\t\t\t<\/div>\n\t\t\t\t\t<\/div>\n\t\t<\/div>\n\t\t\t\t\t\t\t<\/div>\n\t\t<\/section>\n\t\t\t\t<section class=\"elementor-section elementor-top-section elementor-element elementor-element-9ad66a3 elementor-section-boxed elementor-section-height-default elementor-section-height-default\" data-id=\"9ad66a3\" data-element_type=\"section\">\n\t\t\t\t\t\t<div class=\"elementor-container elementor-column-gap-default\">\n\t\t\t\t\t<div class=\"elementor-column elementor-col-100 elementor-top-column elementor-element elementor-element-2330f79\" data-id=\"2330f79\" data-element_type=\"column\">\n\t\t\t<div class=\"elementor-widget-wrap elementor-element-populated\">\n\t\t\t\t\t\t\t\t<div class=\"elementor-element elementor-element-35c4011 elementor-widget elementor-widget-larson-heading\" data-id=\"35c4011\" data-element_type=\"widget\" data-widget_type=\"larson-heading.default\">\n\t\t\t\t<div class=\"elementor-widget-container\">\n\t\t\t\n\t\t<section class=\"webpage__about-heading about-block\">\n          <div class=\"about-block__inner container\">\n                        <header class=\"about-block__header\" data-aos=\"fade\">\n              <h2 class=\"about-block__heading heading\">\n              \t<span >\n\t\t\t\t\tASEIN 4.0\t\t\t\t<\/span>\n              <\/h2>\n            <\/header>\n                      <\/div>\n        <\/section>\n\n\t\t\t\t<\/div>\n\t\t\t\t<\/div>\n\t\t\t\t\t<\/div>\n\t\t<\/div>\n\t\t\t\t\t\t\t<\/div>\n\t\t<\/section>\n\t\t\t\t<section class=\"elementor-section elementor-top-section elementor-element elementor-element-d8cfd99 elementor-section-boxed elementor-section-height-default elementor-section-height-default\" data-id=\"d8cfd99\" data-element_type=\"section\">\n\t\t\t\t\t\t<div class=\"elementor-container elementor-column-gap-default\">\n\t\t\t\t\t<div class=\"elementor-column elementor-col-33 elementor-top-column elementor-element elementor-element-86bd3cd\" data-id=\"86bd3cd\" data-element_type=\"column\">\n\t\t\t<div class=\"elementor-widget-wrap elementor-element-populated\">\n\t\t\t\t\t\t\t\t<div class=\"elementor-element elementor-element-f814300 elementor-widget elementor-widget-image\" data-id=\"f814300\" data-element_type=\"widget\" data-widget_type=\"image.default\">\n\t\t\t\t<div class=\"elementor-widget-container\">\n\t\t\t\t\t\t\t\t\t\t\t\t\t\t\t<img decoding=\"async\" src=\"http:\/\/asein.com\/comercializacion\/wp-content\/uploads\/sites\/2\/2021\/10\/industria-40.png\" title=\"\" alt=\"\" \/>\t\t\t\t\t\t\t\t\t\t\t\t\t\t\t<\/div>\n\t\t\t\t<\/div>\n\t\t\t\t<div class=\"elementor-element elementor-element-dfabe59 elementor-widget elementor-widget-heading\" data-id=\"dfabe59\" data-element_type=\"widget\" data-widget_type=\"heading.default\">\n\t\t\t\t<div class=\"elementor-widget-container\">\n\t\t\t<h2 class=\"elementor-heading-title elementor-size-default\">Industria 4.0<\/h2>\t\t<\/div>\n\t\t\t\t<\/div>\n\t\t\t\t<div class=\"elementor-element elementor-element-e94ffed elementor-widget elementor-widget-text-editor\" data-id=\"e94ffed\" data-element_type=\"widget\" data-widget_type=\"text-editor.default\">\n\t\t\t\t<div class=\"elementor-widget-container\">\n\t\t\t\t\t\t\t<p>En estos \u00faltimos a\u00f1os hemos invertido tanto en la digitalizaci\u00f3n de los procesos de fabricaci\u00f3n como en la automatizaci\u00f3n de la distribuci\u00f3n. Esta combinaci\u00f3n de t\u00e9cnicas hace que seamos m\u00e1s\u00a0<strong>receptivos, proactivos y predictivos.<\/strong><\/p><p>En este \u00e1mbito ya hemos visto grandes avances en la adaptaci\u00f3n y personalizaci\u00f3n en los productos, servicios y necesidades de los clientes de manera r\u00e1pida y eficiente.<\/p>\t\t\t\t\t\t<\/div>\n\t\t\t\t<\/div>\n\t\t\t\t\t<\/div>\n\t\t<\/div>\n\t\t\t\t<div class=\"elementor-column elementor-col-33 elementor-top-column elementor-element elementor-element-86598fb\" data-id=\"86598fb\" data-element_type=\"column\">\n\t\t\t<div class=\"elementor-widget-wrap elementor-element-populated\">\n\t\t\t\t\t\t\t\t<div class=\"elementor-element elementor-element-da028bd elementor-widget elementor-widget-image\" data-id=\"da028bd\" data-element_type=\"widget\" data-widget_type=\"image.default\">\n\t\t\t\t<div class=\"elementor-widget-container\">\n\t\t\t\t\t\t\t\t\t\t\t\t\t\t\t<img decoding=\"async\" src=\"http:\/\/asein.com\/comercializacion\/wp-content\/uploads\/sites\/2\/2021\/10\/fiabilidad@2x.png\" title=\"\" alt=\"\" \/>\t\t\t\t\t\t\t\t\t\t\t\t\t\t\t<\/div>\n\t\t\t\t<\/div>\n\t\t\t\t<div class=\"elementor-element elementor-element-2e2f6bc elementor-widget elementor-widget-heading\" data-id=\"2e2f6bc\" data-element_type=\"widget\" data-widget_type=\"heading.default\">\n\t\t\t\t<div class=\"elementor-widget-container\">\n\t\t\t<h2 class=\"elementor-heading-title elementor-size-default\">Fiabilidad<\/h2>\t\t<\/div>\n\t\t\t\t<\/div>\n\t\t\t\t<div class=\"elementor-element elementor-element-ae86e0b elementor-widget elementor-widget-text-editor\" data-id=\"ae86e0b\" data-element_type=\"widget\" data-widget_type=\"text-editor.default\">\n\t\t\t\t<div class=\"elementor-widget-container\">\n\t\t\t\t\t\t\t<p>ASEIN escoge muy rigurosamente a todos sus proveedores, exigiendo el mayor nivel de calidad.<\/p><p><strong>Los fabricantes de nuestros productos son l\u00edderes en su sector<\/strong>\u00a0y han sido seleccionados tanto por la calidad de sus productos como de sus instalaciones. Nuestros productos superan controles rigurosos y adem\u00e1s todos disponen de certificados de calidad internacional.<\/p>\t\t\t\t\t\t<\/div>\n\t\t\t\t<\/div>\n\t\t\t\t\t<\/div>\n\t\t<\/div>\n\t\t\t\t<div class=\"elementor-column elementor-col-33 elementor-top-column elementor-element elementor-element-7e8fd8f\" data-id=\"7e8fd8f\" data-element_type=\"column\">\n\t\t\t<div class=\"elementor-widget-wrap elementor-element-populated\">\n\t\t\t\t\t\t\t\t<div class=\"elementor-element elementor-element-b7e13a7 elementor-widget elementor-widget-image\" data-id=\"b7e13a7\" data-element_type=\"widget\" data-widget_type=\"image.default\">\n\t\t\t\t<div class=\"elementor-widget-container\">\n\t\t\t\t\t\t\t\t\t\t\t\t\t\t\t<img decoding=\"async\" src=\"http:\/\/asein.com\/comercializacion\/wp-content\/uploads\/sites\/2\/2021\/10\/inovacion@2x.png\" title=\"\" alt=\"\" \/>\t\t\t\t\t\t\t\t\t\t\t\t\t\t\t<\/div>\n\t\t\t\t<\/div>\n\t\t\t\t<div class=\"elementor-element elementor-element-e3e1a4b elementor-widget elementor-widget-heading\" data-id=\"e3e1a4b\" data-element_type=\"widget\" data-widget_type=\"heading.default\">\n\t\t\t\t<div class=\"elementor-widget-container\">\n\t\t\t<h2 class=\"elementor-heading-title elementor-size-default\">Innovaci\u00f3n<\/h2>\t\t<\/div>\n\t\t\t\t<\/div>\n\t\t\t\t<div class=\"elementor-element elementor-element-8663450 elementor-widget elementor-widget-text-editor\" data-id=\"8663450\" data-element_type=\"widget\" data-widget_type=\"text-editor.default\">\n\t\t\t\t<div class=\"elementor-widget-container\">\n\t\t\t\t\t\t\t<p>La innovaci\u00f3n es un elemento clave y constatamos que no proviene de la inspiraci\u00f3n, sino de procesos en los que hay que trabajar constantemente para lograr nuevas y mejores formas de hacer las cosas.<\/p><p>Es por este motivo, que nuestro af\u00e1n en invertir en tecnolog\u00edas que nos aporten valor tanto para nuestros procesos internos como para nuestros cliente,\u00a0 nos ha llevado a construir un\u00a0<strong>almac\u00e9n totalmente automatizado.\u00a0\u00a0<\/strong><\/p>\t\t\t\t\t\t<\/div>\n\t\t\t\t<\/div>\n\t\t\t\t\t<\/div>\n\t\t<\/div>\n\t\t\t\t\t\t\t<\/div>\n\t\t<\/section>\n\t\t\t\t\t\t<\/div>\n\t\t\t\t\t<\/div>\n\t\t","protected":false},"excerpt":{"rendered":"<p>La constante b\u00fasqueda de la excelencia&nbsp;lleva a Asein a crear un centro log\u00edstico totalmente&nbsp;robotizado con una superficie superior a 3.000 m2 para garantizar la eficiencia en el&nbsp;servicio a los clientes. El proceso inform\u00e1tico de gesti\u00f3n del Almac\u00e9n realiza inventarios&nbsp;continuos del material atendiendo a criterios log\u00edsticos y trazabilidad.&nbsp;Las mejores agencias de&#8230; <\/p>\n<div class=\"readmore\"><a href=\"https:\/\/asein.com\/industrial\/\" class=\"btn-link\">Read more<\/a><\/div>\n","protected":false},"author":1,"featured_media":0,"parent":0,"menu_order":1,"comment_status":"closed","ping_status":"closed","template":"template-elementor-default.php","meta":{"footnotes":""},"class_list":["post-1517","page","type-page","status-publish","hentry"],"_links":{"self":[{"href":"https:\/\/asein.com\/industrial\/wp-json\/wp\/v2\/pages\/1517","targetHints":{"allow":["GET"]}}],"collection":[{"href":"https:\/\/asein.com\/industrial\/wp-json\/wp\/v2\/pages"}],"about":[{"href":"https:\/\/asein.com\/industrial\/wp-json\/wp\/v2\/types\/page"}],"author":[{"embeddable":true,"href":"https:\/\/asein.com\/industrial\/wp-json\/wp\/v2\/users\/1"}],"replies":[{"embeddable":true,"href":"https:\/\/asein.com\/industrial\/wp-json\/wp\/v2\/comments?post=1517"}],"version-history":[{"count":53,"href":"https:\/\/asein.com\/industrial\/wp-json\/wp\/v2\/pages\/1517\/revisions"}],"predecessor-version":[{"id":2526,"href":"https:\/\/asein.com\/industrial\/wp-json\/wp\/v2\/pages\/1517\/revisions\/2526"}],"wp:attachment":[{"href":"https:\/\/asein.com\/industrial\/wp-json\/wp\/v2\/media?parent=1517"}],"curies":[{"name":"wp","href":"https:\/\/api.w.org\/{rel}","templated":true}]}}