{"id":1659,"date":"2022-11-14T11:59:46","date_gmt":"2022-11-14T11:59:46","guid":{"rendered":"http:\/\/asein.com\/industrial\/?page_id=1659"},"modified":"2023-02-02T13:16:09","modified_gmt":"2023-02-02T13:16:09","slug":"aplicaciones-electricas","status":"publish","type":"page","link":"https:\/\/asein.com\/industrial\/productos\/aplicaciones-electricas\/","title":{"rendered":"Aplicaciones el\u00e9ctricas"},"content":{"rendered":"\t\t<div data-elementor-type=\"wp-page\" data-elementor-id=\"1659\" class=\"elementor elementor-1659\" data-elementor-settings=\"[]\">\n\t\t\t\t\t\t\t<div class=\"elementor-section-wrap\">\n\t\t\t\t\t\t\t<section class=\"elementor-section elementor-top-section elementor-element elementor-element-b51e5e9 elementor-section-boxed elementor-section-height-default elementor-section-height-default\" data-id=\"b51e5e9\" data-element_type=\"section\">\n\t\t\t\t\t\t<div class=\"elementor-container elementor-column-gap-default\">\n\t\t\t\t\t<div class=\"elementor-column elementor-col-100 elementor-top-column elementor-element elementor-element-c471c9f\" data-id=\"c471c9f\" data-element_type=\"column\">\n\t\t\t<div class=\"elementor-widget-wrap elementor-element-populated\">\n\t\t\t\t\t\t\t\t<div class=\"elementor-element elementor-element-a96dc9c elementor-widget elementor-widget-larson-heading\" data-id=\"a96dc9c\" data-element_type=\"widget\" data-widget_type=\"larson-heading.default\">\n\t\t\t\t<div class=\"elementor-widget-container\">\n\t\t\t\n\t\t<section class=\"webpage__about-heading about-block\">\n          <div class=\"about-block__inner container\">\n                        <header class=\"about-block__header\" data-aos=\"fade\">\n              <h2 class=\"about-block__heading heading\">\n              \t<span >\n\t\t\t\t\tProductos aplicaciones<br>\n<span style=\"color: #ee3b33\">el\u00e9ctricas<\/span>\t\t\t\t<\/span>\n              <\/h2>\n            <\/header>\n                      <\/div>\n        <\/section>\n\n\t\t\t\t<\/div>\n\t\t\t\t<\/div>\n\t\t\t\t<section class=\"elementor-section elementor-inner-section elementor-element elementor-element-0806b6c elementor-section-boxed elementor-section-height-default elementor-section-height-default\" data-id=\"0806b6c\" data-element_type=\"section\">\n\t\t\t\t\t\t<div class=\"elementor-container elementor-column-gap-default\">\n\t\t\t\t\t<div class=\"elementor-column elementor-col-33 elementor-inner-column elementor-element elementor-element-af47496\" data-id=\"af47496\" data-element_type=\"column\">\n\t\t\t<div class=\"elementor-widget-wrap elementor-element-populated\">\n\t\t\t\t\t\t\t\t<div class=\"elementor-element elementor-element-f7ff8bc elementor-widget elementor-widget-image\" data-id=\"f7ff8bc\" data-element_type=\"widget\" data-widget_type=\"image.default\">\n\t\t\t\t<div class=\"elementor-widget-container\">\n\t\t\t\t\t\t\t\t\t\t\t\t\t\t\t<img loading=\"lazy\" decoding=\"async\" width=\"1160\" height=\"930\" src=\"https:\/\/asein.com\/industrial\/wp-content\/uploads\/sites\/4\/2023\/02\/E-P-Escobillas-550x450@150x-100.jpg\" class=\"attachment-full size-full\" alt=\"\" \/>\t\t\t\t\t\t\t\t\t\t\t\t\t\t\t<\/div>\n\t\t\t\t<\/div>\n\t\t\t\t<div class=\"elementor-element elementor-element-43c3312 elementor-widget elementor-widget-heading\" data-id=\"43c3312\" data-element_type=\"widget\" data-widget_type=\"heading.default\">\n\t\t\t\t<div class=\"elementor-widget-container\">\n\t\t\t<h2 class=\"elementor-heading-title elementor-size-default\">Escobillas<\/h2>\t\t<\/div>\n\t\t\t\t<\/div>\n\t\t\t\t<div class=\"elementor-element elementor-element-099facb elementor-widget elementor-widget-text-editor\" data-id=\"099facb\" data-element_type=\"widget\" data-widget_type=\"text-editor.default\">\n\t\t\t\t<div class=\"elementor-widget-container\">\n\t\t\t\t\t\t\t<p>Para motores DC\/AC, se\u00f1ales, tracci\u00f3n, peque\u00f1os electrodom\u00e9sticos, generadores de energ\u00eda, toma tierra, etc.<\/p>\t\t\t\t\t\t<\/div>\n\t\t\t\t<\/div>\n\t\t\t\t\t<\/div>\n\t\t<\/div>\n\t\t\t\t<div class=\"elementor-column elementor-col-33 elementor-inner-column elementor-element elementor-element-69b232a\" data-id=\"69b232a\" data-element_type=\"column\">\n\t\t\t<div class=\"elementor-widget-wrap elementor-element-populated\">\n\t\t\t\t\t\t\t\t<div class=\"elementor-element elementor-element-2de5354 elementor-widget elementor-widget-image\" data-id=\"2de5354\" data-element_type=\"widget\" data-widget_type=\"image.default\">\n\t\t\t\t<div class=\"elementor-widget-container\">\n\t\t\t\t\t\t\t\t\t\t\t\t\t\t\t<img loading=\"lazy\" decoding=\"async\" width=\"1146\" height=\"918\" src=\"https:\/\/asein.com\/industrial\/wp-content\/uploads\/sites\/4\/2022\/11\/Portaescobillas-1.png\" class=\"attachment-2048x2048 size-2048x2048\" alt=\"Portaescobillas\" \/>\t\t\t\t\t\t\t\t\t\t\t\t\t\t\t<\/div>\n\t\t\t\t<\/div>\n\t\t\t\t<div class=\"elementor-element elementor-element-741aff5 elementor-widget elementor-widget-heading\" data-id=\"741aff5\" data-element_type=\"widget\" data-widget_type=\"heading.default\">\n\t\t\t\t<div class=\"elementor-widget-container\">\n\t\t\t<h2 class=\"elementor-heading-title elementor-size-default\">Porta escobillas y\nsistema de presi\u00f3n<\/h2>\t\t<\/div>\n\t\t\t\t<\/div>\n\t\t\t\t\t<\/div>\n\t\t<\/div>\n\t\t\t\t<div class=\"elementor-column elementor-col-33 elementor-inner-column elementor-element elementor-element-42b5aef\" data-id=\"42b5aef\" data-element_type=\"column\">\n\t\t\t<div class=\"elementor-widget-wrap elementor-element-populated\">\n\t\t\t\t\t\t\t\t<div class=\"elementor-element elementor-element-5fc6cd4 elementor-widget elementor-widget-image\" data-id=\"5fc6cd4\" data-element_type=\"widget\" data-widget_type=\"image.default\">\n\t\t\t\t<div class=\"elementor-widget-container\">\n\t\t\t\t\t\t\t\t\t\t\t\t\t\t\t<img loading=\"lazy\" decoding=\"async\" width=\"900\" height=\"721\" src=\"https:\/\/asein.com\/industrial\/wp-content\/uploads\/sites\/4\/2022\/11\/Frotadores-1.png\" class=\"attachment-large size-large\" alt=\"\" \/>\t\t\t\t\t\t\t\t\t\t\t\t\t\t\t<\/div>\n\t\t\t\t<\/div>\n\t\t\t\t<div class=\"elementor-element elementor-element-e73777a elementor-widget elementor-widget-heading\" data-id=\"e73777a\" data-element_type=\"widget\" data-widget_type=\"heading.default\">\n\t\t\t\t<div class=\"elementor-widget-container\">\n\t\t\t<h2 class=\"elementor-heading-title elementor-size-default\">Frotadores<\/h2>\t\t<\/div>\n\t\t\t\t<\/div>\n\t\t\t\t\t<\/div>\n\t\t<\/div>\n\t\t\t\t\t\t\t<\/div>\n\t\t<\/section>\n\t\t\t\t\t<\/div>\n\t\t<\/div>\n\t\t\t\t\t\t\t<\/div>\n\t\t<\/section>\n\t\t\t\t\t\t<\/div>\n\t\t\t\t\t<\/div>\n\t\t","protected":false},"excerpt":{"rendered":"<p>Productos aplicaciones el\u00e9ctricas Escobillas Para motores DC\/AC, se\u00f1ales, tracci\u00f3n, peque\u00f1os electrodom\u00e9sticos, generadores de energ\u00eda, toma tierra, etc. Porta escobillas y sistema de presi\u00f3n Frotadores<\/p>\n","protected":false},"author":1,"featured_media":0,"parent":1546,"menu_order":2,"comment_status":"closed","ping_status":"closed","template":"template-elementor-default.php","meta":{"footnotes":""},"class_list":["post-1659","page","type-page","status-publish","hentry"],"_links":{"self":[{"href":"https:\/\/asein.com\/industrial\/wp-json\/wp\/v2\/pages\/1659","targetHints":{"allow":["GET"]}}],"collection":[{"href":"https:\/\/asein.com\/industrial\/wp-json\/wp\/v2\/pages"}],"about":[{"href":"https:\/\/asein.com\/industrial\/wp-json\/wp\/v2\/types\/page"}],"author":[{"embeddable":true,"href":"https:\/\/asein.com\/industrial\/wp-json\/wp\/v2\/users\/1"}],"replies":[{"embeddable":true,"href":"https:\/\/asein.com\/industrial\/wp-json\/wp\/v2\/comments?post=1659"}],"version-history":[{"count":148,"href":"https:\/\/asein.com\/industrial\/wp-json\/wp\/v2\/pages\/1659\/revisions"}],"predecessor-version":[{"id":2435,"href":"https:\/\/asein.com\/industrial\/wp-json\/wp\/v2\/pages\/1659\/revisions\/2435"}],"up":[{"embeddable":true,"href":"https:\/\/asein.com\/industrial\/wp-json\/wp\/v2\/pages\/1546"}],"wp:attachment":[{"href":"https:\/\/asein.com\/industrial\/wp-json\/wp\/v2\/media?parent=1659"}],"curies":[{"name":"wp","href":"https:\/\/api.w.org\/{rel}","templated":true}]}}