{"id":2215,"date":"2023-01-18T08:37:00","date_gmt":"2023-01-18T08:37:00","guid":{"rendered":"http:\/\/asein.com\/industrial\/?page_id=2215"},"modified":"2023-02-15T12:52:08","modified_gmt":"2023-02-15T12:52:08","slug":"empresa","status":"publish","type":"page","link":"https:\/\/asein.com\/industrial\/empresa\/","title":{"rendered":"Empresa"},"content":{"rendered":"\t\t<div data-elementor-type=\"wp-page\" data-elementor-id=\"2215\" class=\"elementor elementor-2215\" data-elementor-settings=\"[]\">\n\t\t\t\t\t\t\t<div class=\"elementor-section-wrap\">\n\t\t\t\t\t\t\t<section class=\"elementor-section elementor-top-section elementor-element elementor-element-d16c1a7 elementor-section-boxed elementor-section-height-default elementor-section-height-default\" data-id=\"d16c1a7\" data-element_type=\"section\">\n\t\t\t\t\t\t<div class=\"elementor-container elementor-column-gap-default\">\n\t\t\t\t\t<div class=\"elementor-column elementor-col-100 elementor-top-column elementor-element elementor-element-a6e936f\" data-id=\"a6e936f\" data-element_type=\"column\">\n\t\t\t<div class=\"elementor-widget-wrap elementor-element-populated\">\n\t\t\t\t\t\t\t\t<div class=\"elementor-element elementor-element-c925237 elementor-widget elementor-widget-larson-heading\" data-id=\"c925237\" data-element_type=\"widget\" data-widget_type=\"larson-heading.default\">\n\t\t\t\t<div class=\"elementor-widget-container\">\n\t\t\t\n\t\t<section class=\"webpage__about-heading about-block\">\n          <div class=\"about-block__inner container\">\n                        <header class=\"about-block__header\" data-aos=\"fade\">\n              <h2 class=\"about-block__heading heading\">\n              \t<span >\n\t\t\t\t\tUn poco sobre<br>\n<span style=\"color: #ee3b33\">nosotros<\/span>\t\t\t\t<\/span>\n              <\/h2>\n            <\/header>\n                      <\/div>\n        <\/section>\n\n\t\t\t\t<\/div>\n\t\t\t\t<\/div>\n\t\t\t\t\t<\/div>\n\t\t<\/div>\n\t\t\t\t\t\t\t<\/div>\n\t\t<\/section>\n\t\t\t\t<section class=\"elementor-section elementor-top-section elementor-element elementor-element-d0f4437 elementor-section-boxed elementor-section-height-default elementor-section-height-default\" data-id=\"d0f4437\" data-element_type=\"section\">\n\t\t\t\t\t\t<div class=\"elementor-container elementor-column-gap-default\">\n\t\t\t\t\t<div class=\"elementor-column elementor-col-100 elementor-top-column elementor-element elementor-element-2ff1466\" data-id=\"2ff1466\" data-element_type=\"column\">\n\t\t\t<div class=\"elementor-widget-wrap elementor-element-populated\">\n\t\t\t\t\t\t\t\t<div class=\"elementor-element elementor-element-74a1ff1 elementor-widget elementor-widget-image\" data-id=\"74a1ff1\" data-element_type=\"widget\" data-widget_type=\"image.default\">\n\t\t\t\t<div class=\"elementor-widget-container\">\n\t\t\t\t\t\t\t\t\t\t\t\t\t\t\t<img loading=\"lazy\" decoding=\"async\" width=\"900\" height=\"615\" src=\"https:\/\/asein.com\/industrial\/wp-content\/uploads\/sites\/4\/2023\/02\/Empresa_Test02.jpg\" class=\"attachment-large size-large\" alt=\"\" \/>\t\t\t\t\t\t\t\t\t\t\t\t\t\t\t<\/div>\n\t\t\t\t<\/div>\n\t\t\t\t\t<\/div>\n\t\t<\/div>\n\t\t\t\t\t\t\t<\/div>\n\t\t<\/section>\n\t\t\t\t<section class=\"elementor-section elementor-top-section elementor-element elementor-element-e9d8085 elementor-section-boxed elementor-section-height-default elementor-section-height-default\" data-id=\"e9d8085\" data-element_type=\"section\">\n\t\t\t\t\t\t<div class=\"elementor-container elementor-column-gap-default\">\n\t\t\t\t\t<div class=\"elementor-column elementor-col-100 elementor-top-column elementor-element elementor-element-51205ef\" data-id=\"51205ef\" data-element_type=\"column\">\n\t\t\t<div class=\"elementor-widget-wrap elementor-element-populated\">\n\t\t\t\t\t\t\t\t<div class=\"elementor-element elementor-element-1967d14 elementor-widget elementor-widget-larson-heading\" data-id=\"1967d14\" data-element_type=\"widget\" data-widget_type=\"larson-heading.default\">\n\t\t\t\t<div class=\"elementor-widget-container\">\n\t\t\t\n\t\t<section class=\"webpage__about-heading about-block\">\n          <div class=\"about-section__inner container\">\n                        <header class=\"about-block__header\" data-aos=\"fade\">\n              <h2 class=\"about-section__heading heading\">\n              \t<span >\n\t\t\t\t\t01.\t\t\t\t<\/span>\n              <\/h2>\n            <\/header>\n                      <\/div>\n        <\/section>\n\n\t\t\t\t<\/div>\n\t\t\t\t<\/div>\n\t\t\t\t<section class=\"elementor-section elementor-inner-section elementor-element elementor-element-64eaffb elementor-section-boxed elementor-section-height-default elementor-section-height-default\" data-id=\"64eaffb\" data-element_type=\"section\">\n\t\t\t\t\t\t<div class=\"elementor-container elementor-column-gap-default\">\n\t\t\t\t\t<div class=\"elementor-column elementor-col-50 elementor-inner-column elementor-element elementor-element-26bc630\" data-id=\"26bc630\" data-element_type=\"column\">\n\t\t\t<div class=\"elementor-widget-wrap elementor-element-populated\">\n\t\t\t\t\t\t\t\t<div class=\"elementor-element elementor-element-66cd424 elementor-widget elementor-widget-larson-heading\" data-id=\"66cd424\" data-element_type=\"widget\" data-widget_type=\"larson-heading.default\">\n\t\t\t\t<div class=\"elementor-widget-container\">\n\t\t\t\n\t\t<section class=\"webpage__about-heading about-block\">\n          <div class=\"about-block__inner container\">\n                        <header class=\"about-block__header\" data-aos=\"fade\">\n              <h2 class=\"about-block__heading heading\">\n              \t<span >\n\t\t\t\t\tHistoria de<br>Asein\t\t\t\t<\/span>\n              <\/h2>\n            <\/header>\n                      <\/div>\n        <\/section>\n\n\t\t\t\t<\/div>\n\t\t\t\t<\/div>\n\t\t\t\t\t<\/div>\n\t\t<\/div>\n\t\t\t\t<div class=\"elementor-column elementor-col-50 elementor-inner-column elementor-element elementor-element-6058be4\" data-id=\"6058be4\" data-element_type=\"column\">\n\t\t\t<div class=\"elementor-widget-wrap elementor-element-populated\">\n\t\t\t\t\t\t\t\t<div class=\"elementor-element elementor-element-b1bcfd6 elementor-widget elementor-widget-text-editor\" data-id=\"b1bcfd6\" data-element_type=\"widget\" data-widget_type=\"text-editor.default\">\n\t\t\t\t<div class=\"elementor-widget-container\">\n\t\t\t\t\t\t\t<p>Asein es fabricante de escobillas de grafito y distribuidor mayorista de\u00a0herramientas y material el\u00e9ctrico para profesionales.\u00a0Fundada en 1983 con la misi\u00f3n de servir a las ferreter\u00edas recambios y\u00a0accesorios para las m\u00e1quinas electroport\u00e1tiles.<\/p><p>Hoy en d\u00eda es l\u00edder en el mercado espa\u00f1ol de escobillas de grafito para\u00a0m\u00e1quinas electroport\u00e1tiles y una de las referencias m\u00e1s importantes a nivel\u00a0europeo y mundial. Con vocaci\u00f3n internacional ha conseguido presencia\u00a0comercial en m\u00e1s de 50 pa\u00edses de los 5 continentes.<\/p>\t\t\t\t\t\t<\/div>\n\t\t\t\t<\/div>\n\t\t\t\t\t<\/div>\n\t\t<\/div>\n\t\t\t\t\t\t\t<\/div>\n\t\t<\/section>\n\t\t\t\t\t<\/div>\n\t\t<\/div>\n\t\t\t\t\t\t\t<\/div>\n\t\t<\/section>\n\t\t\t\t<section class=\"elementor-section elementor-top-section elementor-element elementor-element-317fe94 elementor-section-boxed elementor-section-height-default elementor-section-height-default\" data-id=\"317fe94\" data-element_type=\"section\">\n\t\t\t\t\t\t<div class=\"elementor-container elementor-column-gap-default\">\n\t\t\t\t\t<div class=\"elementor-column elementor-col-100 elementor-top-column elementor-element elementor-element-7e6a4cd\" data-id=\"7e6a4cd\" data-element_type=\"column\">\n\t\t\t<div class=\"elementor-widget-wrap elementor-element-populated\">\n\t\t\t\t\t\t\t\t<div class=\"elementor-element elementor-element-31a038f elementor-widget elementor-widget-larson-heading\" data-id=\"31a038f\" data-element_type=\"widget\" data-widget_type=\"larson-heading.default\">\n\t\t\t\t<div class=\"elementor-widget-container\">\n\t\t\t\n\t\t<section class=\"webpage__about-heading about-block\">\n          <div class=\"about-section__inner container\">\n                        <header class=\"about-block__header\" data-aos=\"fade\">\n              <h2 class=\"about-section__heading heading\">\n              \t<span >\n\t\t\t\t\t02.\t\t\t\t<\/span>\n              <\/h2>\n            <\/header>\n                      <\/div>\n        <\/section>\n\n\t\t\t\t<\/div>\n\t\t\t\t<\/div>\n\t\t\t\t<section class=\"elementor-section elementor-inner-section elementor-element elementor-element-7f9aea6 elementor-section-boxed elementor-section-height-default elementor-section-height-default\" data-id=\"7f9aea6\" data-element_type=\"section\">\n\t\t\t\t\t\t<div class=\"elementor-container elementor-column-gap-default\">\n\t\t\t\t\t<div class=\"elementor-column elementor-col-50 elementor-inner-column elementor-element elementor-element-61ef8c5\" data-id=\"61ef8c5\" data-element_type=\"column\">\n\t\t\t<div class=\"elementor-widget-wrap elementor-element-populated\">\n\t\t\t\t\t\t\t\t<div class=\"elementor-element elementor-element-dafadf8 elementor-widget elementor-widget-larson-heading\" data-id=\"dafadf8\" data-element_type=\"widget\" data-widget_type=\"larson-heading.default\">\n\t\t\t\t<div class=\"elementor-widget-container\">\n\t\t\t\n\t\t<section class=\"webpage__about-heading about-block\">\n          <div class=\"about-block__inner container\">\n                        <header class=\"about-block__header\" data-aos=\"fade\">\n              <h2 class=\"about-block__heading heading\">\n              \t<span >\n\t\t\t\t\tMisi\u00f3n, <br>\nVisi\u00f3n, <br>\nValores\t\t\t\t<\/span>\n              <\/h2>\n            <\/header>\n                      <\/div>\n        <\/section>\n\n\t\t\t\t<\/div>\n\t\t\t\t<\/div>\n\t\t\t\t\t<\/div>\n\t\t<\/div>\n\t\t\t\t<div class=\"elementor-column elementor-col-50 elementor-inner-column elementor-element elementor-element-8d52c06\" data-id=\"8d52c06\" data-element_type=\"column\">\n\t\t\t<div class=\"elementor-widget-wrap elementor-element-populated\">\n\t\t\t\t\t\t\t\t<div class=\"elementor-element elementor-element-4aaad03 elementor-widget elementor-widget-text-editor\" data-id=\"4aaad03\" data-element_type=\"widget\" data-widget_type=\"text-editor.default\">\n\t\t\t\t<div class=\"elementor-widget-container\">\n\t\t\t\t\t\t\t<p>Estamos comprometidos con nuestros clientes para ofrecerles los mejores\u00a0productos de calidad alta y amplia gama, con un servicio excelente\u00a0destacado por stock y rapidez.<\/p><p>Queremos seguir siendo un referente en el mercado del recambio y\u00a0accesorios.<\/p><p>Valoramos: -La honestidad, integridad y sinceridad.<\/p><p>\u00a0 \u00a0 -Orientaci\u00f3n al cliente<\/p><p>\u00a0 \u00a0 -Favorecer la creatividad y el talento para innovar<\/p><p>\u00a0 \u00a0 -Lealtad cliente\/proveedor<\/p><p>\u00a0 \u00a0 -Serenidad para comprender la necesidad del cliente<\/p>\t\t\t\t\t\t<\/div>\n\t\t\t\t<\/div>\n\t\t\t\t\t<\/div>\n\t\t<\/div>\n\t\t\t\t\t\t\t<\/div>\n\t\t<\/section>\n\t\t\t\t\t<\/div>\n\t\t<\/div>\n\t\t\t\t\t\t\t<\/div>\n\t\t<\/section>\n\t\t\t\t<section class=\"elementor-section elementor-top-section elementor-element elementor-element-62267c4 elementor-section-boxed elementor-section-height-default elementor-section-height-default\" data-id=\"62267c4\" data-element_type=\"section\">\n\t\t\t\t\t\t<div class=\"elementor-container elementor-column-gap-default\">\n\t\t\t\t\t<div class=\"elementor-column elementor-col-100 elementor-top-column elementor-element elementor-element-d4ca637\" data-id=\"d4ca637\" data-element_type=\"column\">\n\t\t\t<div class=\"elementor-widget-wrap elementor-element-populated\">\n\t\t\t\t\t\t\t\t<div class=\"elementor-element elementor-element-cd7f30f elementor-widget elementor-widget-larson-heading\" data-id=\"cd7f30f\" data-element_type=\"widget\" data-widget_type=\"larson-heading.default\">\n\t\t\t\t<div class=\"elementor-widget-container\">\n\t\t\t\n\t\t<section class=\"webpage__about-heading about-block\">\n          <div class=\"about-section__inner container\">\n                        <header class=\"about-block__header\" data-aos=\"fade\">\n              <h2 class=\"about-section__heading heading\">\n              \t<span >\n\t\t\t\t\t03.\t\t\t\t<\/span>\n              <\/h2>\n            <\/header>\n                      <\/div>\n        <\/section>\n\n\t\t\t\t<\/div>\n\t\t\t\t<\/div>\n\t\t\t\t<section class=\"elementor-section elementor-inner-section elementor-element elementor-element-56ad129 elementor-section-boxed elementor-section-height-default elementor-section-height-default\" data-id=\"56ad129\" data-element_type=\"section\">\n\t\t\t\t\t\t<div class=\"elementor-container elementor-column-gap-default\">\n\t\t\t\t\t<div class=\"elementor-column elementor-col-50 elementor-inner-column elementor-element elementor-element-775011d\" data-id=\"775011d\" data-element_type=\"column\">\n\t\t\t<div class=\"elementor-widget-wrap elementor-element-populated\">\n\t\t\t\t\t\t\t\t<div class=\"elementor-element elementor-element-bfa88b3 elementor-widget elementor-widget-larson-heading\" data-id=\"bfa88b3\" data-element_type=\"widget\" data-widget_type=\"larson-heading.default\">\n\t\t\t\t<div class=\"elementor-widget-container\">\n\t\t\t\n\t\t<section class=\"webpage__about-heading about-block\">\n          <div class=\"about-block__inner container\">\n                        <header class=\"about-block__header\" data-aos=\"fade\">\n              <h2 class=\"about-block__heading heading\">\n              \t<span >\n\t\t\t\t\tFiabilidad\t\t\t\t<\/span>\n              <\/h2>\n            <\/header>\n                      <\/div>\n        <\/section>\n\n\t\t\t\t<\/div>\n\t\t\t\t<\/div>\n\t\t\t\t<div class=\"elementor-element elementor-element-6d8f3c4 elementor-widget elementor-widget-image\" data-id=\"6d8f3c4\" data-element_type=\"widget\" data-widget_type=\"image.default\">\n\t\t\t\t<div class=\"elementor-widget-container\">\n\t\t\t\t\t\t\t\t\t\t\t\t\t\t\t<img loading=\"lazy\" decoding=\"async\" width=\"160\" height=\"128\" src=\"https:\/\/asein.com\/industrial\/wp-content\/uploads\/sites\/4\/2023\/01\/logo-fiabilidad.jpg\" class=\"attachment-large size-large\" alt=\"\" \/>\t\t\t\t\t\t\t\t\t\t\t\t\t\t\t<\/div>\n\t\t\t\t<\/div>\n\t\t\t\t\t<\/div>\n\t\t<\/div>\n\t\t\t\t<div class=\"elementor-column elementor-col-50 elementor-inner-column elementor-element elementor-element-8d5fe48\" data-id=\"8d5fe48\" data-element_type=\"column\">\n\t\t\t<div class=\"elementor-widget-wrap elementor-element-populated\">\n\t\t\t\t\t\t\t\t<div class=\"elementor-element elementor-element-be2d331 elementor-widget elementor-widget-text-editor\" data-id=\"be2d331\" data-element_type=\"widget\" data-widget_type=\"text-editor.default\">\n\t\t\t\t<div class=\"elementor-widget-container\">\n\t\t\t\t\t\t\t<p>ASEIN escoge muy rigurosamente a todos sus proveedores, exigiendo el\u00a0mayor nivel de calidad.<\/p><p>Los fabricantes de nuestros productos son l\u00edderes en su sector y han sido\u00a0seleccionados tanto por la calidad de sus productos como de sus\u00a0instalaciones. Nuestros productos superan controles rigurosos y adem\u00e1s\u00a0todos disponen de certificados de calidad internacional.<\/p>\t\t\t\t\t\t<\/div>\n\t\t\t\t<\/div>\n\t\t\t\t\t<\/div>\n\t\t<\/div>\n\t\t\t\t\t\t\t<\/div>\n\t\t<\/section>\n\t\t\t\t\t<\/div>\n\t\t<\/div>\n\t\t\t\t\t\t\t<\/div>\n\t\t<\/section>\n\t\t\t\t<section class=\"elementor-section elementor-top-section elementor-element elementor-element-c335063 elementor-section-boxed elementor-section-height-default elementor-section-height-default\" data-id=\"c335063\" data-element_type=\"section\">\n\t\t\t\t\t\t<div class=\"elementor-container elementor-column-gap-default\">\n\t\t\t\t\t<div class=\"elementor-column elementor-col-100 elementor-top-column elementor-element elementor-element-1a71a37\" data-id=\"1a71a37\" data-element_type=\"column\">\n\t\t\t<div class=\"elementor-widget-wrap elementor-element-populated\">\n\t\t\t\t\t\t\t\t<div class=\"elementor-element elementor-element-f056285 elementor-widget elementor-widget-larson-heading\" data-id=\"f056285\" data-element_type=\"widget\" data-widget_type=\"larson-heading.default\">\n\t\t\t\t<div class=\"elementor-widget-container\">\n\t\t\t\n\t\t<section class=\"webpage__about-heading about-block\">\n          <div class=\"about-section__inner container\">\n                        <header class=\"about-block__header\" data-aos=\"fade\">\n              <h2 class=\"about-section__heading heading\">\n              \t<span >\n\t\t\t\t\t04.\t\t\t\t<\/span>\n              <\/h2>\n            <\/header>\n                      <\/div>\n        <\/section>\n\n\t\t\t\t<\/div>\n\t\t\t\t<\/div>\n\t\t\t\t<section class=\"elementor-section elementor-inner-section elementor-element elementor-element-7d5ddb2 elementor-section-boxed elementor-section-height-default elementor-section-height-default\" data-id=\"7d5ddb2\" data-element_type=\"section\">\n\t\t\t\t\t\t<div class=\"elementor-container elementor-column-gap-default\">\n\t\t\t\t\t<div class=\"elementor-column elementor-col-50 elementor-inner-column elementor-element elementor-element-4f78338\" data-id=\"4f78338\" data-element_type=\"column\">\n\t\t\t<div class=\"elementor-widget-wrap elementor-element-populated\">\n\t\t\t\t\t\t\t\t<div class=\"elementor-element elementor-element-1f1e7e5 elementor-widget elementor-widget-larson-heading\" data-id=\"1f1e7e5\" data-element_type=\"widget\" data-widget_type=\"larson-heading.default\">\n\t\t\t\t<div class=\"elementor-widget-container\">\n\t\t\t\n\t\t<section class=\"webpage__about-heading about-block\">\n          <div class=\"about-block__inner container\">\n                        <header class=\"about-block__header\" data-aos=\"fade\">\n              <h2 class=\"about-block__heading heading\">\n              \t<span >\n\t\t\t\t\tCalidad\t\t\t\t<\/span>\n              <\/h2>\n            <\/header>\n                      <\/div>\n        <\/section>\n\n\t\t\t\t<\/div>\n\t\t\t\t<\/div>\n\t\t\t\t<div class=\"elementor-element elementor-element-8799a43 elementor-widget elementor-widget-image\" data-id=\"8799a43\" data-element_type=\"widget\" data-widget_type=\"image.default\">\n\t\t\t\t<div class=\"elementor-widget-container\">\n\t\t\t\t\t\t\t\t\t\t\t\t\t\t\t<img loading=\"lazy\" decoding=\"async\" width=\"200\" height=\"94\" src=\"https:\/\/asein.com\/industrial\/wp-content\/uploads\/sites\/4\/2023\/01\/logo-iso-calidad.jpg\" class=\"attachment-large size-large\" alt=\"\" \/>\t\t\t\t\t\t\t\t\t\t\t\t\t\t\t<\/div>\n\t\t\t\t<\/div>\n\t\t\t\t\t<\/div>\n\t\t<\/div>\n\t\t\t\t<div class=\"elementor-column elementor-col-50 elementor-inner-column elementor-element elementor-element-c5a0592\" data-id=\"c5a0592\" data-element_type=\"column\">\n\t\t\t<div class=\"elementor-widget-wrap elementor-element-populated\">\n\t\t\t\t\t\t\t\t<div class=\"elementor-element elementor-element-2947b5e elementor-widget elementor-widget-text-editor\" data-id=\"2947b5e\" data-element_type=\"widget\" data-widget_type=\"text-editor.default\">\n\t\t\t\t<div class=\"elementor-widget-container\">\n\t\t\t\t\t\t\t<p>En un mercado cada vez m\u00e1s globalizado, sabemos que la calidad es un\u00a0factor estrat\u00e9gico y fundamental para nuestros clientes.<\/p><p>En reconocimiento al trabajo desarrollado en el \u00e1mbito de calidad,\u00a0Asein renueva y mantiene la <a href=\"http:\/\/files.asein.com\/iso\/42636ms_sp.pdf\" target=\"_blank\" rel=\"noopener\">Certificaci\u00f3n ISO 9001:2015<\/a>, por su Sistema\u00a0de Gesti\u00f3n de la Calidad aplicado en \u201cel \u00e1rea de fabricaci\u00f3n de escobillas\u00a0de grafito y comercializaci\u00f3n de material el\u00e9ctrico\u201d con la entidad T\u00dcV\u00a0Management Service. Verdadero referente en Europa y de la m\u00e1s alta\u00a0consideraci\u00f3n en Am\u00e9rica y Asia.<\/p>\t\t\t\t\t\t<\/div>\n\t\t\t\t<\/div>\n\t\t\t\t\t<\/div>\n\t\t<\/div>\n\t\t\t\t\t\t\t<\/div>\n\t\t<\/section>\n\t\t\t\t\t<\/div>\n\t\t<\/div>\n\t\t\t\t\t\t\t<\/div>\n\t\t<\/section>\n\t\t\t\t<section class=\"elementor-section elementor-top-section elementor-element elementor-element-c8d9424 elementor-section-boxed elementor-section-height-default elementor-section-height-default\" data-id=\"c8d9424\" data-element_type=\"section\">\n\t\t\t\t\t\t<div class=\"elementor-container elementor-column-gap-default\">\n\t\t\t\t\t<div class=\"elementor-column elementor-col-100 elementor-top-column elementor-element elementor-element-b1ffdca\" data-id=\"b1ffdca\" data-element_type=\"column\">\n\t\t\t<div class=\"elementor-widget-wrap elementor-element-populated\">\n\t\t\t\t\t\t\t\t<div class=\"elementor-element elementor-element-ed0acf2 elementor-widget elementor-widget-larson-heading\" data-id=\"ed0acf2\" data-element_type=\"widget\" data-widget_type=\"larson-heading.default\">\n\t\t\t\t<div class=\"elementor-widget-container\">\n\t\t\t\n\t\t<section class=\"webpage__about-heading about-block\">\n          <div class=\"about-block__inner container\">\n                        <header class=\"about-block__header\" data-aos=\"fade\">\n              <h2 class=\"about-block__heading heading\">\n              \t<span >\n\t\t\t\t\tCada a\u00f1o, cada cat\u00e1logo<br>\n<span style=\"color: #ee3b33\">Seguimos mejorando<\/span>\t\t\t\t<\/span>\n              <\/h2>\n            <\/header>\n                      <\/div>\n        <\/section>\n\n\t\t\t\t<\/div>\n\t\t\t\t<\/div>\n\t\t\t\t<section class=\"elementor-section elementor-inner-section elementor-element elementor-element-24ece0f elementor-section-boxed elementor-section-height-default elementor-section-height-default\" data-id=\"24ece0f\" data-element_type=\"section\">\n\t\t\t\t\t\t<div class=\"elementor-container elementor-column-gap-default\">\n\t\t\t\t\t<div class=\"elementor-column elementor-col-100 elementor-inner-column elementor-element elementor-element-476f38b\" data-id=\"476f38b\" data-element_type=\"column\">\n\t\t\t<div class=\"elementor-widget-wrap elementor-element-populated\">\n\t\t\t\t\t\t\t\t<div class=\"elementor-element elementor-element-df4da94 elementor-pagination-position-outside elementor-widget elementor-widget-image-carousel\" data-id=\"df4da94\" data-element_type=\"widget\" data-settings=\"{&quot;slides_to_show&quot;:&quot;3&quot;,&quot;slides_to_scroll&quot;:&quot;1&quot;,&quot;navigation&quot;:&quot;dots&quot;,&quot;autoplay&quot;:&quot;yes&quot;,&quot;pause_on_hover&quot;:&quot;yes&quot;,&quot;pause_on_interaction&quot;:&quot;yes&quot;,&quot;autoplay_speed&quot;:5000,&quot;infinite&quot;:&quot;yes&quot;,&quot;speed&quot;:500}\" data-widget_type=\"image-carousel.default\">\n\t\t\t\t<div class=\"elementor-widget-container\">\n\t\t\t\t\t<div class=\"elementor-image-carousel-wrapper swiper-container\" dir=\"ltr\">\n\t\t\t<div class=\"elementor-image-carousel swiper-wrapper\">\n\t\t\t\t\t\t\t\t<div class=\"swiper-slide\"><figure class=\"swiper-slide-inner\"><img decoding=\"async\" class=\"swiper-slide-image\" src=\"https:\/\/asein.com\/industrial\/wp-content\/uploads\/sites\/4\/2023\/01\/Portada-2005.jpg\" alt=\"Portada 2005\" \/><\/figure><\/div><div class=\"swiper-slide\"><figure class=\"swiper-slide-inner\"><img decoding=\"async\" class=\"swiper-slide-image\" src=\"https:\/\/asein.com\/industrial\/wp-content\/uploads\/sites\/4\/2023\/01\/Portada-2009.jpg\" alt=\"Portada 2009\" \/><\/figure><\/div><div class=\"swiper-slide\"><figure class=\"swiper-slide-inner\"><img decoding=\"async\" class=\"swiper-slide-image\" src=\"https:\/\/asein.com\/industrial\/wp-content\/uploads\/sites\/4\/2023\/01\/Portada-2023.jpg\" alt=\"Portada 2023\" \/><\/figure><\/div>\t\t\t<\/div>\n\t\t\t\t\t\t\t\t\t\t\t\t<div class=\"swiper-pagination\"><\/div>\n\t\t\t\t\t\t\t\t\t\t\t\t\t<\/div>\n\t\t\t\t<\/div>\n\t\t\t\t<\/div>\n\t\t\t\t\t<\/div>\n\t\t<\/div>\n\t\t\t\t\t\t\t<\/div>\n\t\t<\/section>\n\t\t\t\t\t<\/div>\n\t\t<\/div>\n\t\t\t\t\t\t\t<\/div>\n\t\t<\/section>\n\t\t\t\t\t\t<\/div>\n\t\t\t\t\t<\/div>\n\t\t","protected":false},"excerpt":{"rendered":"<p>Un poco sobre nosotros 01. Historia deAsein Asein es fabricante de escobillas de grafito y distribuidor mayorista de\u00a0herramientas y material el\u00e9ctrico para profesionales.\u00a0Fundada en 1983 con la misi\u00f3n de servir a las ferreter\u00edas recambios y\u00a0accesorios para las m\u00e1quinas electroport\u00e1tiles. Hoy en d\u00eda es l\u00edder en el mercado espa\u00f1ol de escobillas&#8230; <\/p>\n<div class=\"readmore\"><a href=\"https:\/\/asein.com\/industrial\/empresa\/\" class=\"btn-link\">Read more<\/a><\/div>\n","protected":false},"author":1,"featured_media":0,"parent":0,"menu_order":0,"comment_status":"closed","ping_status":"closed","template":"template-elementor-default.php","meta":{"footnotes":""},"class_list":["post-2215","page","type-page","status-publish","hentry"],"_links":{"self":[{"href":"https:\/\/asein.com\/industrial\/wp-json\/wp\/v2\/pages\/2215","targetHints":{"allow":["GET"]}}],"collection":[{"href":"https:\/\/asein.com\/industrial\/wp-json\/wp\/v2\/pages"}],"about":[{"href":"https:\/\/asein.com\/industrial\/wp-json\/wp\/v2\/types\/page"}],"author":[{"embeddable":true,"href":"https:\/\/asein.com\/industrial\/wp-json\/wp\/v2\/users\/1"}],"replies":[{"embeddable":true,"href":"https:\/\/asein.com\/industrial\/wp-json\/wp\/v2\/comments?post=2215"}],"version-history":[{"count":23,"href":"https:\/\/asein.com\/industrial\/wp-json\/wp\/v2\/pages\/2215\/revisions"}],"predecessor-version":[{"id":2508,"href":"https:\/\/asein.com\/industrial\/wp-json\/wp\/v2\/pages\/2215\/revisions\/2508"}],"wp:attachment":[{"href":"https:\/\/asein.com\/industrial\/wp-json\/wp\/v2\/media?parent=2215"}],"curies":[{"name":"wp","href":"https:\/\/api.w.org\/{rel}","templated":true}]}}